{"id":54,"date":"2023-08-21T01:05:47","date_gmt":"2023-08-21T01:05:47","guid":{"rendered":"https:\/\/rigolleau.com.ar\/?page_id=54"},"modified":"2025-07-06T15:18:08","modified_gmt":"2025-07-06T18:18:08","slug":"simbolo-del-vidrio","status":"publish","type":"page","link":"https:\/\/www.rigolleau.com.ar\/index.php\/la-empresa\/simbolo-del-vidrio\/","title":{"rendered":"S\u00edmbolo del Vidrio"},"content":{"rendered":"\t\t<div data-elementor-type=\"wp-page\" data-elementor-id=\"54\" class=\"elementor elementor-54\" data-elementor-post-type=\"page\">\n\t\t\t\t<div class=\"elementor-element elementor-element-e721455 e-flex e-con-boxed e-con e-parent\" data-id=\"e721455\" data-element_type=\"container\" data-e-type=\"container\">\n\t\t\t\t\t<div class=\"e-con-inner\">\n\t\t\t\t<div class=\"elementor-element elementor-element-f73587b elementor-widget elementor-widget-image\" data-id=\"f73587b\" data-element_type=\"widget\" data-e-type=\"widget\" data-widget_type=\"image.default\">\n\t\t\t\t<div class=\"elementor-widget-container\">\n\t\t\t\t\t\t\t\t\t\t\t\t\t\t\t<img fetchpriority=\"high\" decoding=\"async\" width=\"429\" height=\"433\" src=\"https:\/\/www.rigolleau.com.ar\/wp-content\/uploads\/2023\/08\/empresa-1.png\" class=\"attachment-large size-large wp-image-586\" alt=\"\" srcset=\"https:\/\/www.rigolleau.com.ar\/wp-content\/uploads\/2023\/08\/empresa-1.png 429w, https:\/\/www.rigolleau.com.ar\/wp-content\/uploads\/2023\/08\/empresa-1-297x300.png 297w, https:\/\/www.rigolleau.com.ar\/wp-content\/uploads\/2023\/08\/empresa-1-150x150.png 150w\" sizes=\"(max-width: 429px) 100vw, 429px\" \/>\t\t\t\t\t\t\t\t\t\t\t\t\t\t\t<\/div>\n\t\t\t\t<\/div>\n\t\t<div class=\"elementor-element elementor-element-13c968f e-con-full e-flex e-con e-child\" data-id=\"13c968f\" data-element_type=\"container\" data-e-type=\"container\">\n\t\t\t\t<div class=\"elementor-element elementor-element-f7213ac elementor-hidden-tablet elementor-hidden-mobile elementor-widget elementor-widget-image\" data-id=\"f7213ac\" data-element_type=\"widget\" data-e-type=\"widget\" data-widget_type=\"image.default\">\n\t\t\t\t<div class=\"elementor-widget-container\">\n\t\t\t\t\t\t\t\t\t\t\t\t\t\t\t<img decoding=\"async\" width=\"136\" height=\"148\" src=\"https:\/\/www.rigolleau.com.ar\/wp-content\/uploads\/2023\/08\/ic-general.png\" class=\"attachment-large size-large wp-image-590\" alt=\"\" \/>\t\t\t\t\t\t\t\t\t\t\t\t\t\t\t<\/div>\n\t\t\t\t<\/div>\n\t\t\t\t<div class=\"elementor-element elementor-element-1a46785 elementor-widget elementor-widget-heading\" data-id=\"1a46785\" data-element_type=\"widget\" data-e-type=\"widget\" data-widget_type=\"heading.default\">\n\t\t\t\t<div class=\"elementor-widget-container\">\n\t\t\t\t\t<h1 class=\"elementor-heading-title elementor-size-default\">Empresa<\/h1>\t\t\t\t<\/div>\n\t\t\t\t<\/div>\n\t\t\t\t<div class=\"elementor-element elementor-element-dfee356 elementor-widget-divider--view-line elementor-widget elementor-widget-divider\" data-id=\"dfee356\" data-element_type=\"widget\" data-e-type=\"widget\" data-widget_type=\"divider.default\">\n\t\t\t\t<div class=\"elementor-widget-container\">\n\t\t\t\t\t\t\t<div class=\"elementor-divider\">\n\t\t\t<span class=\"elementor-divider-separator\">\n\t\t\t\t\t\t<\/span>\n\t\t<\/div>\n\t\t\t\t\t\t<\/div>\n\t\t\t\t<\/div>\n\t\t\t\t<div class=\"elementor-element elementor-element-4ac5f57 elementor-widget elementor-widget-heading\" data-id=\"4ac5f57\" data-element_type=\"widget\" data-e-type=\"widget\" data-widget_type=\"heading.default\">\n\t\t\t\t<div class=\"elementor-widget-container\">\n\t\t\t\t\t<p class=\"elementor-heading-title elementor-size-default\"><a href=\"#elementor-action%3Aaction%3Dpopup%3Aopen%26settings%3DeyJpZCI6IjE3NzIiLCJ0b2dnbGUiOmZhbHNlfQ%3D%3D\">Fundada por Le\u00f3n Rigolleau, comenz\u00f3 sus actividades en 1882 comercializando papel y produciendo envases para tinta china en una peque\u00f1a planta, en la Ciudad Aut\u00f3noma de Buenos Aires.  <span>...Ver m\u00e1s<\/span><\/a><\/p>\t\t\t\t<\/div>\n\t\t\t\t<\/div>\n\t\t\t\t<\/div>\n\t\t\t\t\t<\/div>\n\t\t\t\t<\/div>\n\t\t<div class=\"elementor-element elementor-element-246a23b e-flex e-con-boxed e-con e-parent\" data-id=\"246a23b\" data-element_type=\"container\" data-e-type=\"container\">\n\t\t\t\t\t<div class=\"e-con-inner\">\n\t\t<div class=\"elementor-element elementor-element-ea664a4 e-flex e-con-boxed e-con e-child\" data-id=\"ea664a4\" data-element_type=\"container\" data-e-type=\"container\">\n\t\t\t\t\t<div class=\"e-con-inner\">\n\t\t\t\t<div class=\"elementor-element elementor-element-a17ad2f elementor-widget elementor-widget-image\" data-id=\"a17ad2f\" data-element_type=\"widget\" data-e-type=\"widget\" data-widget_type=\"image.default\">\n\t\t\t\t<div class=\"elementor-widget-container\">\n\t\t\t\t\t\t\t\t\t\t\t\t\t\t\t<img decoding=\"async\" width=\"113\" height=\"123\" src=\"https:\/\/www.rigolleau.com.ar\/wp-content\/uploads\/2023\/08\/ic-hogar.png\" class=\"attachment-large size-large wp-image-591\" alt=\"\" \/>\t\t\t\t\t\t\t\t\t\t\t\t\t\t\t<\/div>\n\t\t\t\t<\/div>\n\t\t\t\t<div class=\"elementor-element elementor-element-1d88295 elementor-widget elementor-widget-heading\" data-id=\"1d88295\" data-element_type=\"widget\" data-e-type=\"widget\" data-widget_type=\"heading.default\">\n\t\t\t\t<div class=\"elementor-widget-container\">\n\t\t\t\t\t<h2 class=\"elementor-heading-title elementor-size-default\">Hogar<\/h2>\t\t\t\t<\/div>\n\t\t\t\t<\/div>\n\t\t\t\t<div class=\"elementor-element elementor-element-2f42b86 elementor-widget elementor-widget-text-editor\" data-id=\"2f42b86\" data-element_type=\"widget\" data-e-type=\"widget\" data-widget_type=\"text-editor.default\">\n\t\t\t\t<div class=\"elementor-widget-container\">\n\t\t\t\t\t\t\t\t\t<p>Estamos en las mesas de todos los hogares con vajilla, vasos y m\u00e1s.<\/p>\t\t\t\t\t\t\t\t<\/div>\n\t\t\t\t<\/div>\n\t\t\t\t\t<\/div>\n\t\t\t\t<\/div>\n\t\t<div class=\"elementor-element elementor-element-713aaff e-flex e-con-boxed e-con e-child\" data-id=\"713aaff\" data-element_type=\"container\" data-e-type=\"container\">\n\t\t\t\t\t<div class=\"e-con-inner\">\n\t\t\t\t<div class=\"elementor-element elementor-element-51c71a5 elementor-widget elementor-widget-image\" data-id=\"51c71a5\" data-element_type=\"widget\" data-e-type=\"widget\" data-widget_type=\"image.default\">\n\t\t\t\t<div class=\"elementor-widget-container\">\n\t\t\t\t\t\t\t\t\t\t\t\t\t\t\t<img loading=\"lazy\" decoding=\"async\" width=\"113\" height=\"123\" src=\"https:\/\/www.rigolleau.com.ar\/wp-content\/uploads\/2023\/08\/ic-envases.png\" class=\"attachment-large size-large wp-image-589\" alt=\"\" \/>\t\t\t\t\t\t\t\t\t\t\t\t\t\t\t<\/div>\n\t\t\t\t<\/div>\n\t\t\t\t<div class=\"elementor-element elementor-element-ef875d9 elementor-widget elementor-widget-heading\" data-id=\"ef875d9\" data-element_type=\"widget\" data-e-type=\"widget\" data-widget_type=\"heading.default\">\n\t\t\t\t<div class=\"elementor-widget-container\">\n\t\t\t\t\t<h2 class=\"elementor-heading-title elementor-size-default\">Envases<\/h2>\t\t\t\t<\/div>\n\t\t\t\t<\/div>\n\t\t\t\t<div class=\"elementor-element elementor-element-8ec7ec6 elementor-widget elementor-widget-text-editor\" data-id=\"8ec7ec6\" data-element_type=\"widget\" data-e-type=\"widget\" data-widget_type=\"text-editor.default\">\n\t\t\t\t<div class=\"elementor-widget-container\">\n\t\t\t\t\t\t\t\t\t<p>Proveemos soluciones a trav\u00e9s de envases de vidrio para alimentos, bebidas, medicinales, cosm\u00e9tica y perfumer\u00eda.<\/p>\t\t\t\t\t\t\t\t<\/div>\n\t\t\t\t<\/div>\n\t\t\t\t\t<\/div>\n\t\t\t\t<\/div>\n\t\t<div class=\"elementor-element elementor-element-9692a3e e-flex e-con-boxed e-con e-child\" data-id=\"9692a3e\" data-element_type=\"container\" data-e-type=\"container\">\n\t\t\t\t\t<div class=\"e-con-inner\">\n\t\t\t\t<div class=\"elementor-element elementor-element-86e37d0 elementor-widget elementor-widget-image\" data-id=\"86e37d0\" data-element_type=\"widget\" data-e-type=\"widget\" data-widget_type=\"image.default\">\n\t\t\t\t<div class=\"elementor-widget-container\">\n\t\t\t\t\t\t\t\t\t\t\t\t\t\t\t<img loading=\"lazy\" decoding=\"async\" width=\"115\" height=\"123\" src=\"https:\/\/www.rigolleau.com.ar\/wp-content\/uploads\/2023\/08\/ic-pharma.png\" class=\"attachment-large size-large wp-image-592\" alt=\"\" \/>\t\t\t\t\t\t\t\t\t\t\t\t\t\t\t<\/div>\n\t\t\t\t<\/div>\n\t\t\t\t<div class=\"elementor-element elementor-element-e225fde elementor-widget elementor-widget-heading\" data-id=\"e225fde\" data-element_type=\"widget\" data-e-type=\"widget\" data-widget_type=\"heading.default\">\n\t\t\t\t<div class=\"elementor-widget-container\">\n\t\t\t\t\t<h2 class=\"elementor-heading-title elementor-size-default\">Pharma<\/h2>\t\t\t\t<\/div>\n\t\t\t\t<\/div>\n\t\t\t\t<div class=\"elementor-element elementor-element-ad9f5f9 elementor-widget elementor-widget-text-editor\" data-id=\"ad9f5f9\" data-element_type=\"widget\" data-e-type=\"widget\" data-widget_type=\"text-editor.default\">\n\t\t\t\t<div class=\"elementor-widget-container\">\n\t\t\t\t\t\t\t\t\t<p>Suministramos ampollas y viales fabricados con vidrio neutro, a la industria farmac\u00e9utica, cosm\u00e9tica y veterinaria.<\/p>\t\t\t\t\t\t\t\t<\/div>\n\t\t\t\t<\/div>\n\t\t\t\t\t<\/div>\n\t\t\t\t<\/div>\n\t\t\t\t\t<\/div>\n\t\t\t\t<\/div>\n\t\t<div class=\"elementor-element elementor-element-7bb3501 e-flex e-con-boxed e-con e-parent\" data-id=\"7bb3501\" data-element_type=\"container\" data-e-type=\"container\">\n\t\t\t\t\t<div class=\"e-con-inner\">\n\t\t\t\t<div class=\"elementor-element elementor-element-d0f059e elementor-widget elementor-widget-image\" data-id=\"d0f059e\" data-element_type=\"widget\" data-e-type=\"widget\" data-widget_type=\"image.default\">\n\t\t\t\t<div class=\"elementor-widget-container\">\n\t\t\t\t\t\t\t\t\t\t\t\t\t\t\t<img loading=\"lazy\" decoding=\"async\" width=\"330\" height=\"219\" src=\"https:\/\/www.rigolleau.com.ar\/wp-content\/uploads\/2023\/08\/empresa-2.png\" class=\"attachment-large size-large wp-image-587\" alt=\"\" srcset=\"https:\/\/www.rigolleau.com.ar\/wp-content\/uploads\/2023\/08\/empresa-2.png 330w, https:\/\/www.rigolleau.com.ar\/wp-content\/uploads\/2023\/08\/empresa-2-300x199.png 300w\" sizes=\"(max-width: 330px) 100vw, 330px\" \/>\t\t\t\t\t\t\t\t\t\t\t\t\t\t\t<\/div>\n\t\t\t\t<\/div>\n\t\t\t\t<div class=\"elementor-element elementor-element-6f82a86 elementor-widget__width-initial elementor-widget elementor-widget-text-editor\" data-id=\"6f82a86\" data-element_type=\"widget\" data-e-type=\"widget\" data-widget_type=\"text-editor.default\">\n\t\t\t\t<div class=\"elementor-widget-container\">\n\t\t\t\t\t\t\t\t\t<p>Rigolleau se ha convertido en uno de los mayores fabricantes de productos de vidrio del pa\u00eds y Latino America, ofreciendo soluciones integrales para respaldar a sus clientes y consumidores.<\/p>\t\t\t\t\t\t\t\t<\/div>\n\t\t\t\t<\/div>\n\t\t\t\t\t<\/div>\n\t\t\t\t<\/div>\n\t\t<div class=\"elementor-element elementor-element-5688f0f e-flex e-con-boxed e-con e-parent\" data-id=\"5688f0f\" data-element_type=\"container\" data-e-type=\"container\">\n\t\t\t\t\t<div class=\"e-con-inner\">\n\t\t\t\t<div class=\"elementor-element elementor-element-5452fda elementor-widget elementor-widget-image\" data-id=\"5452fda\" data-element_type=\"widget\" data-e-type=\"widget\" data-widget_type=\"image.default\">\n\t\t\t\t<div class=\"elementor-widget-container\">\n\t\t\t\t\t\t\t\t\t\t\t\t\t\t\t<img loading=\"lazy\" decoding=\"async\" width=\"444\" height=\"192\" src=\"https:\/\/www.rigolleau.com.ar\/wp-content\/uploads\/2023\/08\/empresa-3.png\" class=\"attachment-large size-large wp-image-588\" alt=\"\" srcset=\"https:\/\/www.rigolleau.com.ar\/wp-content\/uploads\/2023\/08\/empresa-3.png 444w, https:\/\/www.rigolleau.com.ar\/wp-content\/uploads\/2023\/08\/empresa-3-300x130.png 300w\" sizes=\"(max-width: 444px) 100vw, 444px\" \/>\t\t\t\t\t\t\t\t\t\t\t\t\t\t\t<\/div>\n\t\t\t\t<\/div>\n\t\t\t\t<div class=\"elementor-element elementor-element-3cfba64 elementor-widget__width-initial elementor-widget elementor-widget-text-editor\" data-id=\"3cfba64\" data-element_type=\"widget\" data-e-type=\"widget\" data-widget_type=\"text-editor.default\">\n\t\t\t\t<div class=\"elementor-widget-container\">\n\t\t\t\t\t\t\t\t\t<p>Es una empresa Argentina que se proyecta al mundo, invirtiendo a\u00f1o tras a\u00f1o con el fin de seguir apostando a la mejora contin\u00faa en cada uno de los procesos y desarrrollos. Y asi seguir siendo : \u201cEl S\u00edmbolo Del Vidrio\u201d<\/p>\t\t\t\t\t\t\t\t<\/div>\n\t\t\t\t<\/div>\n\t\t\t\t\t<\/div>\n\t\t\t\t<\/div>\n\t\t\t\t<\/div>\n\t\t","protected":false},"excerpt":{"rendered":"<p>Empresa Fundada por Le\u00f3n Rigolleau, comenz\u00f3 sus actividades en 1882 comercializando papel y produciendo envases para tinta china en una peque\u00f1a planta, en la Ciudad Aut\u00f3noma de Buenos Aires. &#8230;Ver m\u00e1s Hogar Estamos en las mesas de todos los hogares con vajilla, vasos y m\u00e1s. Envases Proveemos soluciones a trav\u00e9s de envases de vidrio para [&hellip;]<\/p>\n","protected":false},"author":1,"featured_media":0,"parent":52,"menu_order":1000,"comment_status":"closed","ping_status":"closed","template":"","meta":{"_acf_changed":false,"footnotes":""},"class_list":["post-54","page","type-page","status-publish","hentry"],"acf":[],"yoast_head":"<!-- This site is optimized with the Yoast SEO plugin v27.3 - https:\/\/yoast.com\/product\/yoast-seo-wordpress\/ -->\n<title>S\u00edmbolo del Vidrio - Rigolleau<\/title>\n<meta name=\"robots\" content=\"index, follow, max-snippet:-1, max-image-preview:large, max-video-preview:-1\" \/>\n<link rel=\"canonical\" href=\"https:\/\/www.rigolleau.com.ar\/index.php\/la-empresa\/simbolo-del-vidrio\/\" \/>\n<meta property=\"og:locale\" content=\"es_ES\" \/>\n<meta property=\"og:type\" content=\"article\" \/>\n<meta property=\"og:title\" content=\"S\u00edmbolo del Vidrio - Rigolleau\" \/>\n<meta property=\"og:description\" content=\"Empresa Fundada por Le\u00f3n Rigolleau, comenz\u00f3 sus actividades en 1882 comercializando papel y produciendo envases para tinta china en una peque\u00f1a planta, en la Ciudad Aut\u00f3noma de Buenos Aires. &#8230;Ver m\u00e1s Hogar Estamos en las mesas de todos los hogares con vajilla, vasos y m\u00e1s. Envases Proveemos soluciones a trav\u00e9s de envases de vidrio para [&hellip;]\" \/>\n<meta property=\"og:url\" content=\"https:\/\/www.rigolleau.com.ar\/index.php\/la-empresa\/simbolo-del-vidrio\/\" \/>\n<meta property=\"og:site_name\" content=\"Rigolleau\" \/>\n<meta property=\"article:publisher\" content=\"https:\/\/www.facebook.com\/people\/Rigolleau\/100070676282400\/\" \/>\n<meta property=\"article:modified_time\" content=\"2025-07-06T18:18:08+00:00\" \/>\n<meta property=\"og:image\" content=\"https:\/\/www.rigolleau.com.ar\/wp-content\/uploads\/2023\/08\/empresa-1.png\" \/>\n\t<meta property=\"og:image:width\" content=\"429\" \/>\n\t<meta property=\"og:image:height\" content=\"433\" \/>\n\t<meta property=\"og:image:type\" content=\"image\/png\" \/>\n<meta name=\"twitter:card\" content=\"summary_large_image\" \/>\n<meta name=\"twitter:label1\" content=\"Tiempo de lectura\" \/>\n\t<meta name=\"twitter:data1\" content=\"3 minutos\" \/>\n<script type=\"application\/ld+json\" class=\"yoast-schema-graph\">{\"@context\":\"https:\\\/\\\/schema.org\",\"@graph\":[{\"@type\":\"WebPage\",\"@id\":\"https:\\\/\\\/www.rigolleau.com.ar\\\/index.php\\\/la-empresa\\\/simbolo-del-vidrio\\\/\",\"url\":\"https:\\\/\\\/www.rigolleau.com.ar\\\/index.php\\\/la-empresa\\\/simbolo-del-vidrio\\\/\",\"name\":\"S\u00edmbolo del Vidrio - Rigolleau\",\"isPartOf\":{\"@id\":\"https:\\\/\\\/www.rigolleau.com.ar\\\/#website\"},\"primaryImageOfPage\":{\"@id\":\"https:\\\/\\\/www.rigolleau.com.ar\\\/index.php\\\/la-empresa\\\/simbolo-del-vidrio\\\/#primaryimage\"},\"image\":{\"@id\":\"https:\\\/\\\/www.rigolleau.com.ar\\\/index.php\\\/la-empresa\\\/simbolo-del-vidrio\\\/#primaryimage\"},\"thumbnailUrl\":\"https:\\\/\\\/www.rigolleau.com.ar\\\/wp-content\\\/uploads\\\/2023\\\/08\\\/empresa-1.png\",\"datePublished\":\"2023-08-21T01:05:47+00:00\",\"dateModified\":\"2025-07-06T18:18:08+00:00\",\"breadcrumb\":{\"@id\":\"https:\\\/\\\/www.rigolleau.com.ar\\\/index.php\\\/la-empresa\\\/simbolo-del-vidrio\\\/#breadcrumb\"},\"inLanguage\":\"es-AR\",\"potentialAction\":[{\"@type\":\"ReadAction\",\"target\":[\"https:\\\/\\\/www.rigolleau.com.ar\\\/index.php\\\/la-empresa\\\/simbolo-del-vidrio\\\/\"]}]},{\"@type\":\"ImageObject\",\"inLanguage\":\"es-AR\",\"@id\":\"https:\\\/\\\/www.rigolleau.com.ar\\\/index.php\\\/la-empresa\\\/simbolo-del-vidrio\\\/#primaryimage\",\"url\":\"https:\\\/\\\/www.rigolleau.com.ar\\\/wp-content\\\/uploads\\\/2023\\\/08\\\/empresa-1.png\",\"contentUrl\":\"https:\\\/\\\/www.rigolleau.com.ar\\\/wp-content\\\/uploads\\\/2023\\\/08\\\/empresa-1.png\",\"width\":429,\"height\":433},{\"@type\":\"BreadcrumbList\",\"@id\":\"https:\\\/\\\/www.rigolleau.com.ar\\\/index.php\\\/la-empresa\\\/simbolo-del-vidrio\\\/#breadcrumb\",\"itemListElement\":[{\"@type\":\"ListItem\",\"position\":1,\"name\":\"Portada\",\"item\":\"https:\\\/\\\/www.rigolleau.com.ar\\\/\"},{\"@type\":\"ListItem\",\"position\":2,\"name\":\"La Empresa\",\"item\":\"https:\\\/\\\/www.rigolleau.com.ar\\\/index.php\\\/la-empresa\\\/\"},{\"@type\":\"ListItem\",\"position\":3,\"name\":\"S\u00edmbolo del Vidrio\"}]},{\"@type\":\"WebSite\",\"@id\":\"https:\\\/\\\/www.rigolleau.com.ar\\\/#website\",\"url\":\"https:\\\/\\\/www.rigolleau.com.ar\\\/\",\"name\":\"Rigolleau\",\"description\":\"S\u00edmbolo del Vidrio\",\"publisher\":{\"@id\":\"https:\\\/\\\/www.rigolleau.com.ar\\\/#organization\"},\"potentialAction\":[{\"@type\":\"SearchAction\",\"target\":{\"@type\":\"EntryPoint\",\"urlTemplate\":\"https:\\\/\\\/www.rigolleau.com.ar\\\/?s={search_term_string}\"},\"query-input\":{\"@type\":\"PropertyValueSpecification\",\"valueRequired\":true,\"valueName\":\"search_term_string\"}}],\"inLanguage\":\"es-AR\"},{\"@type\":\"Organization\",\"@id\":\"https:\\\/\\\/www.rigolleau.com.ar\\\/#organization\",\"name\":\"Rigolleau S.A.\",\"url\":\"https:\\\/\\\/www.rigolleau.com.ar\\\/\",\"logo\":{\"@type\":\"ImageObject\",\"inLanguage\":\"es-AR\",\"@id\":\"https:\\\/\\\/www.rigolleau.com.ar\\\/#\\\/schema\\\/logo\\\/image\\\/\",\"url\":\"https:\\\/\\\/www.rigolleau.com.ar\\\/wp-content\\\/uploads\\\/2023\\\/07\\\/rigolleau-logo.png\",\"contentUrl\":\"https:\\\/\\\/www.rigolleau.com.ar\\\/wp-content\\\/uploads\\\/2023\\\/07\\\/rigolleau-logo.png\",\"width\":730,\"height\":386,\"caption\":\"Rigolleau S.A.\"},\"image\":{\"@id\":\"https:\\\/\\\/www.rigolleau.com.ar\\\/#\\\/schema\\\/logo\\\/image\\\/\"},\"sameAs\":[\"https:\\\/\\\/www.facebook.com\\\/people\\\/Rigolleau\\\/100070676282400\\\/\",\"https:\\\/\\\/www.instagram.com\\\/rigolleau.s.a\\\/?hl=es\",\"https:\\\/\\\/ar.linkedin.com\\\/company\\\/rigolleau-s.a.\"]}]}<\/script>\n<!-- \/ Yoast SEO plugin. -->","yoast_head_json":{"title":"S\u00edmbolo del Vidrio - Rigolleau","robots":{"index":"index","follow":"follow","max-snippet":"max-snippet:-1","max-image-preview":"max-image-preview:large","max-video-preview":"max-video-preview:-1"},"canonical":"https:\/\/www.rigolleau.com.ar\/index.php\/la-empresa\/simbolo-del-vidrio\/","og_locale":"es_ES","og_type":"article","og_title":"S\u00edmbolo del Vidrio - Rigolleau","og_description":"Empresa Fundada por Le\u00f3n Rigolleau, comenz\u00f3 sus actividades en 1882 comercializando papel y produciendo envases para tinta china en una peque\u00f1a planta, en la Ciudad Aut\u00f3noma de Buenos Aires. &#8230;Ver m\u00e1s Hogar Estamos en las mesas de todos los hogares con vajilla, vasos y m\u00e1s. Envases Proveemos soluciones a trav\u00e9s de envases de vidrio para [&hellip;]","og_url":"https:\/\/www.rigolleau.com.ar\/index.php\/la-empresa\/simbolo-del-vidrio\/","og_site_name":"Rigolleau","article_publisher":"https:\/\/www.facebook.com\/people\/Rigolleau\/100070676282400\/","article_modified_time":"2025-07-06T18:18:08+00:00","og_image":[{"width":429,"height":433,"url":"https:\/\/www.rigolleau.com.ar\/wp-content\/uploads\/2023\/08\/empresa-1.png","type":"image\/png"}],"twitter_card":"summary_large_image","twitter_misc":{"Tiempo de lectura":"3 minutos"},"schema":{"@context":"https:\/\/schema.org","@graph":[{"@type":"WebPage","@id":"https:\/\/www.rigolleau.com.ar\/index.php\/la-empresa\/simbolo-del-vidrio\/","url":"https:\/\/www.rigolleau.com.ar\/index.php\/la-empresa\/simbolo-del-vidrio\/","name":"S\u00edmbolo del Vidrio - Rigolleau","isPartOf":{"@id":"https:\/\/www.rigolleau.com.ar\/#website"},"primaryImageOfPage":{"@id":"https:\/\/www.rigolleau.com.ar\/index.php\/la-empresa\/simbolo-del-vidrio\/#primaryimage"},"image":{"@id":"https:\/\/www.rigolleau.com.ar\/index.php\/la-empresa\/simbolo-del-vidrio\/#primaryimage"},"thumbnailUrl":"https:\/\/www.rigolleau.com.ar\/wp-content\/uploads\/2023\/08\/empresa-1.png","datePublished":"2023-08-21T01:05:47+00:00","dateModified":"2025-07-06T18:18:08+00:00","breadcrumb":{"@id":"https:\/\/www.rigolleau.com.ar\/index.php\/la-empresa\/simbolo-del-vidrio\/#breadcrumb"},"inLanguage":"es-AR","potentialAction":[{"@type":"ReadAction","target":["https:\/\/www.rigolleau.com.ar\/index.php\/la-empresa\/simbolo-del-vidrio\/"]}]},{"@type":"ImageObject","inLanguage":"es-AR","@id":"https:\/\/www.rigolleau.com.ar\/index.php\/la-empresa\/simbolo-del-vidrio\/#primaryimage","url":"https:\/\/www.rigolleau.com.ar\/wp-content\/uploads\/2023\/08\/empresa-1.png","contentUrl":"https:\/\/www.rigolleau.com.ar\/wp-content\/uploads\/2023\/08\/empresa-1.png","width":429,"height":433},{"@type":"BreadcrumbList","@id":"https:\/\/www.rigolleau.com.ar\/index.php\/la-empresa\/simbolo-del-vidrio\/#breadcrumb","itemListElement":[{"@type":"ListItem","position":1,"name":"Portada","item":"https:\/\/www.rigolleau.com.ar\/"},{"@type":"ListItem","position":2,"name":"La Empresa","item":"https:\/\/www.rigolleau.com.ar\/index.php\/la-empresa\/"},{"@type":"ListItem","position":3,"name":"S\u00edmbolo del Vidrio"}]},{"@type":"WebSite","@id":"https:\/\/www.rigolleau.com.ar\/#website","url":"https:\/\/www.rigolleau.com.ar\/","name":"Rigolleau","description":"S\u00edmbolo del Vidrio","publisher":{"@id":"https:\/\/www.rigolleau.com.ar\/#organization"},"potentialAction":[{"@type":"SearchAction","target":{"@type":"EntryPoint","urlTemplate":"https:\/\/www.rigolleau.com.ar\/?s={search_term_string}"},"query-input":{"@type":"PropertyValueSpecification","valueRequired":true,"valueName":"search_term_string"}}],"inLanguage":"es-AR"},{"@type":"Organization","@id":"https:\/\/www.rigolleau.com.ar\/#organization","name":"Rigolleau S.A.","url":"https:\/\/www.rigolleau.com.ar\/","logo":{"@type":"ImageObject","inLanguage":"es-AR","@id":"https:\/\/www.rigolleau.com.ar\/#\/schema\/logo\/image\/","url":"https:\/\/www.rigolleau.com.ar\/wp-content\/uploads\/2023\/07\/rigolleau-logo.png","contentUrl":"https:\/\/www.rigolleau.com.ar\/wp-content\/uploads\/2023\/07\/rigolleau-logo.png","width":730,"height":386,"caption":"Rigolleau S.A."},"image":{"@id":"https:\/\/www.rigolleau.com.ar\/#\/schema\/logo\/image\/"},"sameAs":["https:\/\/www.facebook.com\/people\/Rigolleau\/100070676282400\/","https:\/\/www.instagram.com\/rigolleau.s.a\/?hl=es","https:\/\/ar.linkedin.com\/company\/rigolleau-s.a."]}]}},"_links":{"self":[{"href":"https:\/\/www.rigolleau.com.ar\/index.php\/wp-json\/wp\/v2\/pages\/54","targetHints":{"allow":["GET"]}}],"collection":[{"href":"https:\/\/www.rigolleau.com.ar\/index.php\/wp-json\/wp\/v2\/pages"}],"about":[{"href":"https:\/\/www.rigolleau.com.ar\/index.php\/wp-json\/wp\/v2\/types\/page"}],"author":[{"embeddable":true,"href":"https:\/\/www.rigolleau.com.ar\/index.php\/wp-json\/wp\/v2\/users\/1"}],"replies":[{"embeddable":true,"href":"https:\/\/www.rigolleau.com.ar\/index.php\/wp-json\/wp\/v2\/comments?post=54"}],"version-history":[{"count":52,"href":"https:\/\/www.rigolleau.com.ar\/index.php\/wp-json\/wp\/v2\/pages\/54\/revisions"}],"predecessor-version":[{"id":3060,"href":"https:\/\/www.rigolleau.com.ar\/index.php\/wp-json\/wp\/v2\/pages\/54\/revisions\/3060"}],"up":[{"embeddable":true,"href":"https:\/\/www.rigolleau.com.ar\/index.php\/wp-json\/wp\/v2\/pages\/52"}],"wp:attachment":[{"href":"https:\/\/www.rigolleau.com.ar\/index.php\/wp-json\/wp\/v2\/media?parent=54"}],"curies":[{"name":"wp","href":"https:\/\/api.w.org\/{rel}","templated":true}]}}