{"id":66,"date":"2023-08-21T01:11:39","date_gmt":"2023-08-21T01:11:39","guid":{"rendered":"https:\/\/rigolleau.com.ar\/?page_id=66"},"modified":"2023-09-06T05:27:26","modified_gmt":"2023-09-06T05:27:26","slug":"el-vidrio-y-la-corteza-terrestre","status":"publish","type":"page","link":"https:\/\/www.rigolleau.com.ar\/index.php\/el-vidrio\/el-vidrio-y-la-corteza-terrestre\/","title":{"rendered":"El Vidrio y la corteza terrestre"},"content":{"rendered":"\t\t<div data-elementor-type=\"wp-page\" data-elementor-id=\"66\" class=\"elementor elementor-66\" data-elementor-post-type=\"page\">\n\t\t\t\t<div class=\"elementor-element elementor-element-4bbf064 e-con-full e-flex e-con e-parent\" data-id=\"4bbf064\" data-element_type=\"container\" data-e-type=\"container\" data-settings=\"{&quot;background_background&quot;:&quot;classic&quot;}\">\n\t\t<div class=\"elementor-element elementor-element-22cfc12 e-flex e-con-boxed e-con e-parent\" data-id=\"22cfc12\" data-element_type=\"container\" data-e-type=\"container\">\n\t\t\t\t\t<div class=\"e-con-inner\">\n\t\t\t\t<div class=\"elementor-element elementor-element-7ff0102 elementor-widget elementor-widget-heading\" data-id=\"7ff0102\" data-element_type=\"widget\" data-e-type=\"widget\" data-widget_type=\"heading.default\">\n\t\t\t\t<div class=\"elementor-widget-container\">\n\t\t\t\t\t<h1 class=\"elementor-heading-title elementor-size-default\">El Vidrio y la corteza terrestre<\/h1>\t\t\t\t<\/div>\n\t\t\t\t<\/div>\n\t\t\t\t\t<\/div>\n\t\t\t\t<\/div>\n\t\t\t\t<\/div>\n\t\t<div class=\"elementor-element elementor-element-400d3c8 e-flex e-con-boxed e-con e-parent\" data-id=\"400d3c8\" data-element_type=\"container\" data-e-type=\"container\">\n\t\t\t\t\t<div class=\"e-con-inner\">\n\t\t<div class=\"elementor-element elementor-element-919d12b e-flex e-con-boxed e-con e-parent\" data-id=\"919d12b\" data-element_type=\"container\" data-e-type=\"container\" data-settings=\"{&quot;background_background&quot;:&quot;classic&quot;}\">\n\t\t\t\t\t<div class=\"e-con-inner\">\n\t\t\t\t<div class=\"elementor-element elementor-element-173e742 elementor-widget elementor-widget-text-editor\" data-id=\"173e742\" data-element_type=\"widget\" data-e-type=\"widget\" data-widget_type=\"text-editor.default\">\n\t\t\t\t<div class=\"elementor-widget-container\">\n\t\t\t\t\t\t\t\t\t<p><strong>Todos los tipos de vidrio industrial se hacen con el mineral en bruto: como la arena, piedra caliza, carbonato de sodio y otros materiales.<\/strong> Antes de mezclar, algunos materiales requieren ser molidos y purificados por medio de <strong>modernos\u00a0 procedimientos (amigables para el medio ambiente)\u00a0<\/strong> ninguno ellos provoca\u00a0 cambios qu\u00edmicos significativos. En la fusi\u00f3n, las materias primas se incorporan en la estructura amorfa del vidrio.<\/p>\t\t\t\t\t\t\t\t<\/div>\n\t\t\t\t<\/div>\n\t\t\t\t<div class=\"elementor-element elementor-element-84e752a elementor-widget elementor-widget-text-editor\" data-id=\"84e752a\" data-element_type=\"widget\" data-e-type=\"widget\" data-widget_type=\"text-editor.default\">\n\t\t\t\t<div class=\"elementor-widget-container\">\n\t\t\t\t\t\t\t\t\t<p>La mayor cantidad de vidrio fabricada corresponde al vidrio s\u00f3dico-c\u00e1lcico com\u00fan (\u201csoda-cal\u201d), y la producci\u00f3n en volumen es la m\u00e1s importante de los contenedores.<\/p><p>La Tabla 1 muestra la composici\u00f3n media de envases de vidrio existentes, indicando los componentes en forma elemental en vez de la m\u00e1s habitual en forma de \u00f3xidos.<\/p><p><strong>\u00a0<\/strong><strong>Composici\u00f3n Qu\u00edmica Promedio Elemental (% en masa)<\/strong><\/p><table width=\"520\"><tbody><tr><td>Elementos<\/td><td>Contenido en la corteza de la Tierra<\/td><td>Contenido en envases de vidrio<\/td><\/tr><tr><td>Ox\u00edgeno \u2013 O<\/td><td>46.6<\/td><td>46.8<\/td><\/tr><tr><td>Silicio \u2013 If<\/td><td>27.7<\/td><td>33.8<\/td><\/tr><tr><td>Aluminio \u2013 Al<\/td><td>8.1<\/td><td>0.5<\/td><\/tr><tr><td>Hierro \u2013 Fe<\/td><td>5.0<\/td><td>&lt;0.5<\/td><\/tr><tr><td>Calcio \u2013 Ca<\/td><td>3.6<\/td><td>7.8<\/td><\/tr><tr><td>Sodio \u2013 Na<\/td><td>2.8<\/td><td>9.3<\/td><\/tr><tr><td>Potasio \u2013 K<\/td><td>2.6<\/td><td>&lt;0.5<\/td><\/tr><tr><td>Magnesio \u2013 Mg<\/td><td>2.1<\/td><td>1.5<\/td><\/tr><tr><td>Otros Art\u00edculos<\/td><td>1.5<\/td><td>Despreciable<\/td><\/tr><\/tbody><\/table>\t\t\t\t\t\t\t\t<\/div>\n\t\t\t\t<\/div>\n\t\t<div class=\"elementor-element elementor-element-fc5728c e-flex e-con-boxed e-con e-parent\" data-id=\"fc5728c\" data-element_type=\"container\" data-e-type=\"container\" data-settings=\"{&quot;background_background&quot;:&quot;classic&quot;}\">\n\t\t\t\t\t<div class=\"e-con-inner\">\n\t\t\t\t<div class=\"elementor-element elementor-element-2c33b18 elementor-widget elementor-widget-text-editor\" data-id=\"2c33b18\" data-element_type=\"widget\" data-e-type=\"widget\" data-widget_type=\"text-editor.default\">\n\t\t\t\t<div class=\"elementor-widget-container\">\n\t\t\t\t\t\t\t\t\t<p>Vale la pena comparar estos valores con la composici\u00f3n media de la corteza. <strong>Esto demuestra que los principales componentes del vidrio son los mismos que componen la corteza terrestre.<\/strong> En la mayor\u00eda de los casos, excepto para el sodio y aluminio, la coincidencia no es s\u00f3lo cualitativa sino tambi\u00e9n cuantitativa.<\/p>\t\t\t\t\t\t\t\t<\/div>\n\t\t\t\t<\/div>\n\t\t\t\t\t<\/div>\n\t\t\t\t<\/div>\n\t\t\t\t<div class=\"elementor-element elementor-element-960ae79 elementor-widget elementor-widget-text-editor\" data-id=\"960ae79\" data-element_type=\"widget\" data-e-type=\"widget\" data-widget_type=\"text-editor.default\">\n\t\t\t\t<div class=\"elementor-widget-container\">\n\t\t\t\t\t\t\t\t\t<p>Adem\u00e1s, todos los elementos de la tabla son el mismo tipo de compuestos tanto en el vidrio y en la corteza de la Tierra.<\/p><p>Teniendo en cuenta estos factores, la comparaci\u00f3n de\u00a0 cifras en la Tabla 1 de la constataci\u00f3n de la composici\u00f3n qu\u00edmica del vidrio ordinario es similar a la de la corteza terrestre. Por lo tanto, el casco de vidrio a\u00f1adido al medio ambiente no a\u00f1ade ning\u00fan producto qu\u00edmico diferente de los que existen en la roca o el suelo respecto a otros tipos de vidrio.<\/p>\t\t\t\t\t\t\t\t<\/div>\n\t\t\t\t<\/div>\n\t\t\t\t\t<\/div>\n\t\t\t\t<\/div>\n\t\t\t\t\t<\/div>\n\t\t\t\t<\/div>\n\t\t\t\t<\/div>\n\t\t","protected":false},"excerpt":{"rendered":"<p>Todos los tipos de vidrio industrial se hacen con el mineral en bruto: como la arena, piedra caliza, carbonato de sodio y otros materiales. Antes de mezclar, algunos materiales requieren ser molidos y purificados por medio de modernos\u00a0 procedimientos (amigables para el medio ambiente)\u00a0 ninguno ellos provoca\u00a0 cambios qu\u00edmicos significativos. En la fusi\u00f3n, las materias [&hellip;]<\/p>\n","protected":false},"author":1,"featured_media":1201,"parent":62,"menu_order":2010,"comment_status":"closed","ping_status":"closed","template":"","meta":{"_acf_changed":false,"footnotes":""},"class_list":["post-66","page","type-page","status-publish","has-post-thumbnail","hentry"],"acf":[],"yoast_head":"<!-- This site is optimized with the Yoast SEO plugin v27.4 - https:\/\/yoast.com\/product\/yoast-seo-wordpress\/ -->\n<title>El Vidrio y la corteza terrestre - Rigolleau<\/title>\n<meta name=\"robots\" content=\"index, follow, max-snippet:-1, max-image-preview:large, max-video-preview:-1\" \/>\n<link rel=\"canonical\" href=\"https:\/\/www.rigolleau.com.ar\/index.php\/el-vidrio\/el-vidrio-y-la-corteza-terrestre\/\" \/>\n<meta property=\"og:locale\" content=\"es_ES\" \/>\n<meta property=\"og:type\" content=\"article\" \/>\n<meta property=\"og:title\" content=\"El Vidrio y la corteza terrestre - Rigolleau\" \/>\n<meta property=\"og:description\" content=\"Todos los tipos de vidrio industrial se hacen con el mineral en bruto: como la arena, piedra caliza, carbonato de sodio y otros materiales. Antes de mezclar, algunos materiales requieren ser molidos y purificados por medio de modernos\u00a0 procedimientos (amigables para el medio ambiente)\u00a0 ninguno ellos provoca\u00a0 cambios qu\u00edmicos significativos. En la fusi\u00f3n, las materias [&hellip;]\" \/>\n<meta property=\"og:url\" content=\"https:\/\/www.rigolleau.com.ar\/index.php\/el-vidrio\/el-vidrio-y-la-corteza-terrestre\/\" \/>\n<meta property=\"og:site_name\" content=\"Rigolleau\" \/>\n<meta property=\"article:publisher\" content=\"https:\/\/www.facebook.com\/people\/Rigolleau\/100070676282400\/\" \/>\n<meta property=\"article:modified_time\" content=\"2023-09-06T05:27:26+00:00\" \/>\n<meta property=\"og:image\" content=\"https:\/\/www.rigolleau.com.ar\/wp-content\/uploads\/2023\/08\/el-vidio-y-la-corteza-terrestre.jpg\" \/>\n\t<meta property=\"og:image:width\" content=\"1600\" \/>\n\t<meta property=\"og:image:height\" content=\"900\" \/>\n\t<meta property=\"og:image:type\" content=\"image\/jpeg\" \/>\n<meta name=\"twitter:card\" content=\"summary_large_image\" \/>\n<meta name=\"twitter:label1\" content=\"Tiempo de lectura\" \/>\n\t<meta name=\"twitter:data1\" content=\"2 minutos\" \/>\n<script type=\"application\/ld+json\" class=\"yoast-schema-graph\">{\"@context\":\"https:\\\/\\\/schema.org\",\"@graph\":[{\"@type\":\"WebPage\",\"@id\":\"https:\\\/\\\/www.rigolleau.com.ar\\\/index.php\\\/el-vidrio\\\/el-vidrio-y-la-corteza-terrestre\\\/\",\"url\":\"https:\\\/\\\/www.rigolleau.com.ar\\\/index.php\\\/el-vidrio\\\/el-vidrio-y-la-corteza-terrestre\\\/\",\"name\":\"El Vidrio y la corteza terrestre - Rigolleau\",\"isPartOf\":{\"@id\":\"https:\\\/\\\/www.rigolleau.com.ar\\\/#website\"},\"primaryImageOfPage\":{\"@id\":\"https:\\\/\\\/www.rigolleau.com.ar\\\/index.php\\\/el-vidrio\\\/el-vidrio-y-la-corteza-terrestre\\\/#primaryimage\"},\"image\":{\"@id\":\"https:\\\/\\\/www.rigolleau.com.ar\\\/index.php\\\/el-vidrio\\\/el-vidrio-y-la-corteza-terrestre\\\/#primaryimage\"},\"thumbnailUrl\":\"https:\\\/\\\/www.rigolleau.com.ar\\\/wp-content\\\/uploads\\\/2023\\\/08\\\/el-vidio-y-la-corteza-terrestre.jpg\",\"datePublished\":\"2023-08-21T01:11:39+00:00\",\"dateModified\":\"2023-09-06T05:27:26+00:00\",\"breadcrumb\":{\"@id\":\"https:\\\/\\\/www.rigolleau.com.ar\\\/index.php\\\/el-vidrio\\\/el-vidrio-y-la-corteza-terrestre\\\/#breadcrumb\"},\"inLanguage\":\"es-AR\",\"potentialAction\":[{\"@type\":\"ReadAction\",\"target\":[\"https:\\\/\\\/www.rigolleau.com.ar\\\/index.php\\\/el-vidrio\\\/el-vidrio-y-la-corteza-terrestre\\\/\"]}]},{\"@type\":\"ImageObject\",\"inLanguage\":\"es-AR\",\"@id\":\"https:\\\/\\\/www.rigolleau.com.ar\\\/index.php\\\/el-vidrio\\\/el-vidrio-y-la-corteza-terrestre\\\/#primaryimage\",\"url\":\"https:\\\/\\\/www.rigolleau.com.ar\\\/wp-content\\\/uploads\\\/2023\\\/08\\\/el-vidio-y-la-corteza-terrestre.jpg\",\"contentUrl\":\"https:\\\/\\\/www.rigolleau.com.ar\\\/wp-content\\\/uploads\\\/2023\\\/08\\\/el-vidio-y-la-corteza-terrestre.jpg\",\"width\":1600,\"height\":900},{\"@type\":\"BreadcrumbList\",\"@id\":\"https:\\\/\\\/www.rigolleau.com.ar\\\/index.php\\\/el-vidrio\\\/el-vidrio-y-la-corteza-terrestre\\\/#breadcrumb\",\"itemListElement\":[{\"@type\":\"ListItem\",\"position\":1,\"name\":\"Portada\",\"item\":\"https:\\\/\\\/www.rigolleau.com.ar\\\/\"},{\"@type\":\"ListItem\",\"position\":2,\"name\":\"El vidrio\",\"item\":\"https:\\\/\\\/www.rigolleau.com.ar\\\/index.php\\\/el-vidrio\\\/\"},{\"@type\":\"ListItem\",\"position\":3,\"name\":\"El Vidrio y la corteza terrestre\"}]},{\"@type\":\"WebSite\",\"@id\":\"https:\\\/\\\/www.rigolleau.com.ar\\\/#website\",\"url\":\"https:\\\/\\\/www.rigolleau.com.ar\\\/\",\"name\":\"Rigolleau\",\"description\":\"S\u00edmbolo del Vidrio\",\"publisher\":{\"@id\":\"https:\\\/\\\/www.rigolleau.com.ar\\\/#organization\"},\"potentialAction\":[{\"@type\":\"SearchAction\",\"target\":{\"@type\":\"EntryPoint\",\"urlTemplate\":\"https:\\\/\\\/www.rigolleau.com.ar\\\/?s={search_term_string}\"},\"query-input\":{\"@type\":\"PropertyValueSpecification\",\"valueRequired\":true,\"valueName\":\"search_term_string\"}}],\"inLanguage\":\"es-AR\"},{\"@type\":\"Organization\",\"@id\":\"https:\\\/\\\/www.rigolleau.com.ar\\\/#organization\",\"name\":\"Rigolleau S.A.\",\"url\":\"https:\\\/\\\/www.rigolleau.com.ar\\\/\",\"logo\":{\"@type\":\"ImageObject\",\"inLanguage\":\"es-AR\",\"@id\":\"https:\\\/\\\/www.rigolleau.com.ar\\\/#\\\/schema\\\/logo\\\/image\\\/\",\"url\":\"https:\\\/\\\/www.rigolleau.com.ar\\\/wp-content\\\/uploads\\\/2023\\\/07\\\/rigolleau-logo.png\",\"contentUrl\":\"https:\\\/\\\/www.rigolleau.com.ar\\\/wp-content\\\/uploads\\\/2023\\\/07\\\/rigolleau-logo.png\",\"width\":730,\"height\":386,\"caption\":\"Rigolleau S.A.\"},\"image\":{\"@id\":\"https:\\\/\\\/www.rigolleau.com.ar\\\/#\\\/schema\\\/logo\\\/image\\\/\"},\"sameAs\":[\"https:\\\/\\\/www.facebook.com\\\/people\\\/Rigolleau\\\/100070676282400\\\/\",\"https:\\\/\\\/www.instagram.com\\\/rigolleau.s.a\\\/?hl=es\",\"https:\\\/\\\/ar.linkedin.com\\\/company\\\/rigolleau-s.a.\"]}]}<\/script>\n<!-- \/ Yoast SEO plugin. -->","yoast_head_json":{"title":"El Vidrio y la corteza terrestre - Rigolleau","robots":{"index":"index","follow":"follow","max-snippet":"max-snippet:-1","max-image-preview":"max-image-preview:large","max-video-preview":"max-video-preview:-1"},"canonical":"https:\/\/www.rigolleau.com.ar\/index.php\/el-vidrio\/el-vidrio-y-la-corteza-terrestre\/","og_locale":"es_ES","og_type":"article","og_title":"El Vidrio y la corteza terrestre - Rigolleau","og_description":"Todos los tipos de vidrio industrial se hacen con el mineral en bruto: como la arena, piedra caliza, carbonato de sodio y otros materiales. Antes de mezclar, algunos materiales requieren ser molidos y purificados por medio de modernos\u00a0 procedimientos (amigables para el medio ambiente)\u00a0 ninguno ellos provoca\u00a0 cambios qu\u00edmicos significativos. En la fusi\u00f3n, las materias [&hellip;]","og_url":"https:\/\/www.rigolleau.com.ar\/index.php\/el-vidrio\/el-vidrio-y-la-corteza-terrestre\/","og_site_name":"Rigolleau","article_publisher":"https:\/\/www.facebook.com\/people\/Rigolleau\/100070676282400\/","article_modified_time":"2023-09-06T05:27:26+00:00","og_image":[{"width":1600,"height":900,"url":"https:\/\/www.rigolleau.com.ar\/wp-content\/uploads\/2023\/08\/el-vidio-y-la-corteza-terrestre.jpg","type":"image\/jpeg"}],"twitter_card":"summary_large_image","twitter_misc":{"Tiempo de lectura":"2 minutos"},"schema":{"@context":"https:\/\/schema.org","@graph":[{"@type":"WebPage","@id":"https:\/\/www.rigolleau.com.ar\/index.php\/el-vidrio\/el-vidrio-y-la-corteza-terrestre\/","url":"https:\/\/www.rigolleau.com.ar\/index.php\/el-vidrio\/el-vidrio-y-la-corteza-terrestre\/","name":"El Vidrio y la corteza terrestre - Rigolleau","isPartOf":{"@id":"https:\/\/www.rigolleau.com.ar\/#website"},"primaryImageOfPage":{"@id":"https:\/\/www.rigolleau.com.ar\/index.php\/el-vidrio\/el-vidrio-y-la-corteza-terrestre\/#primaryimage"},"image":{"@id":"https:\/\/www.rigolleau.com.ar\/index.php\/el-vidrio\/el-vidrio-y-la-corteza-terrestre\/#primaryimage"},"thumbnailUrl":"https:\/\/www.rigolleau.com.ar\/wp-content\/uploads\/2023\/08\/el-vidio-y-la-corteza-terrestre.jpg","datePublished":"2023-08-21T01:11:39+00:00","dateModified":"2023-09-06T05:27:26+00:00","breadcrumb":{"@id":"https:\/\/www.rigolleau.com.ar\/index.php\/el-vidrio\/el-vidrio-y-la-corteza-terrestre\/#breadcrumb"},"inLanguage":"es-AR","potentialAction":[{"@type":"ReadAction","target":["https:\/\/www.rigolleau.com.ar\/index.php\/el-vidrio\/el-vidrio-y-la-corteza-terrestre\/"]}]},{"@type":"ImageObject","inLanguage":"es-AR","@id":"https:\/\/www.rigolleau.com.ar\/index.php\/el-vidrio\/el-vidrio-y-la-corteza-terrestre\/#primaryimage","url":"https:\/\/www.rigolleau.com.ar\/wp-content\/uploads\/2023\/08\/el-vidio-y-la-corteza-terrestre.jpg","contentUrl":"https:\/\/www.rigolleau.com.ar\/wp-content\/uploads\/2023\/08\/el-vidio-y-la-corteza-terrestre.jpg","width":1600,"height":900},{"@type":"BreadcrumbList","@id":"https:\/\/www.rigolleau.com.ar\/index.php\/el-vidrio\/el-vidrio-y-la-corteza-terrestre\/#breadcrumb","itemListElement":[{"@type":"ListItem","position":1,"name":"Portada","item":"https:\/\/www.rigolleau.com.ar\/"},{"@type":"ListItem","position":2,"name":"El vidrio","item":"https:\/\/www.rigolleau.com.ar\/index.php\/el-vidrio\/"},{"@type":"ListItem","position":3,"name":"El Vidrio y la corteza terrestre"}]},{"@type":"WebSite","@id":"https:\/\/www.rigolleau.com.ar\/#website","url":"https:\/\/www.rigolleau.com.ar\/","name":"Rigolleau","description":"S\u00edmbolo del Vidrio","publisher":{"@id":"https:\/\/www.rigolleau.com.ar\/#organization"},"potentialAction":[{"@type":"SearchAction","target":{"@type":"EntryPoint","urlTemplate":"https:\/\/www.rigolleau.com.ar\/?s={search_term_string}"},"query-input":{"@type":"PropertyValueSpecification","valueRequired":true,"valueName":"search_term_string"}}],"inLanguage":"es-AR"},{"@type":"Organization","@id":"https:\/\/www.rigolleau.com.ar\/#organization","name":"Rigolleau S.A.","url":"https:\/\/www.rigolleau.com.ar\/","logo":{"@type":"ImageObject","inLanguage":"es-AR","@id":"https:\/\/www.rigolleau.com.ar\/#\/schema\/logo\/image\/","url":"https:\/\/www.rigolleau.com.ar\/wp-content\/uploads\/2023\/07\/rigolleau-logo.png","contentUrl":"https:\/\/www.rigolleau.com.ar\/wp-content\/uploads\/2023\/07\/rigolleau-logo.png","width":730,"height":386,"caption":"Rigolleau S.A."},"image":{"@id":"https:\/\/www.rigolleau.com.ar\/#\/schema\/logo\/image\/"},"sameAs":["https:\/\/www.facebook.com\/people\/Rigolleau\/100070676282400\/","https:\/\/www.instagram.com\/rigolleau.s.a\/?hl=es","https:\/\/ar.linkedin.com\/company\/rigolleau-s.a."]}]}},"_links":{"self":[{"href":"https:\/\/www.rigolleau.com.ar\/index.php\/wp-json\/wp\/v2\/pages\/66","targetHints":{"allow":["GET"]}}],"collection":[{"href":"https:\/\/www.rigolleau.com.ar\/index.php\/wp-json\/wp\/v2\/pages"}],"about":[{"href":"https:\/\/www.rigolleau.com.ar\/index.php\/wp-json\/wp\/v2\/types\/page"}],"author":[{"embeddable":true,"href":"https:\/\/www.rigolleau.com.ar\/index.php\/wp-json\/wp\/v2\/users\/1"}],"replies":[{"embeddable":true,"href":"https:\/\/www.rigolleau.com.ar\/index.php\/wp-json\/wp\/v2\/comments?post=66"}],"version-history":[{"count":31,"href":"https:\/\/www.rigolleau.com.ar\/index.php\/wp-json\/wp\/v2\/pages\/66\/revisions"}],"predecessor-version":[{"id":2067,"href":"https:\/\/www.rigolleau.com.ar\/index.php\/wp-json\/wp\/v2\/pages\/66\/revisions\/2067"}],"up":[{"embeddable":true,"href":"https:\/\/www.rigolleau.com.ar\/index.php\/wp-json\/wp\/v2\/pages\/62"}],"wp:featuredmedia":[{"embeddable":true,"href":"https:\/\/www.rigolleau.com.ar\/index.php\/wp-json\/wp\/v2\/media\/1201"}],"wp:attachment":[{"href":"https:\/\/www.rigolleau.com.ar\/index.php\/wp-json\/wp\/v2\/media?parent=66"}],"curies":[{"name":"wp","href":"https:\/\/api.w.org\/{rel}","templated":true}]}}