{"id":68,"date":"2023-08-21T01:12:05","date_gmt":"2023-08-21T01:12:05","guid":{"rendered":"https:\/\/rigolleau.com.ar\/?page_id=68"},"modified":"2023-09-25T03:35:40","modified_gmt":"2023-09-25T03:35:40","slug":"degradabilidad","status":"publish","type":"page","link":"https:\/\/www.rigolleau.com.ar\/index.php\/el-vidrio\/degradabilidad\/","title":{"rendered":"Degradabilidad"},"content":{"rendered":"\t\t<div data-elementor-type=\"wp-page\" data-elementor-id=\"68\" class=\"elementor elementor-68\" data-elementor-post-type=\"page\">\n\t\t\t\t<div class=\"elementor-element elementor-element-77b6dd7 e-con-full e-flex e-con e-parent\" data-id=\"77b6dd7\" data-element_type=\"container\" data-e-type=\"container\" data-settings=\"{&quot;background_background&quot;:&quot;classic&quot;}\">\n\t\t<div class=\"elementor-element elementor-element-7fdf048 e-flex e-con-boxed e-con e-parent\" data-id=\"7fdf048\" data-element_type=\"container\" data-e-type=\"container\">\n\t\t\t\t\t<div class=\"e-con-inner\">\n\t\t\t\t<div class=\"elementor-element elementor-element-d72dcbb elementor-widget elementor-widget-heading\" data-id=\"d72dcbb\" data-element_type=\"widget\" data-e-type=\"widget\" data-widget_type=\"heading.default\">\n\t\t\t\t<div class=\"elementor-widget-container\">\n\t\t\t\t\t<h1 class=\"elementor-heading-title elementor-size-default\">Degradabilidad<\/h1>\t\t\t\t<\/div>\n\t\t\t\t<\/div>\n\t\t\t\t\t<\/div>\n\t\t\t\t<\/div>\n\t\t\t\t<\/div>\n\t\t<div class=\"elementor-element elementor-element-902a745 e-flex e-con-boxed e-con e-parent\" data-id=\"902a745\" data-element_type=\"container\" data-e-type=\"container\">\n\t\t\t\t\t<div class=\"e-con-inner\">\n\t\t<div class=\"elementor-element elementor-element-efadc5c e-flex e-con-boxed e-con e-parent\" data-id=\"efadc5c\" data-element_type=\"container\" data-e-type=\"container\" data-settings=\"{&quot;background_background&quot;:&quot;classic&quot;}\">\n\t\t\t\t\t<div class=\"e-con-inner\">\n\t\t<div class=\"elementor-element elementor-element-8461404 e-flex e-con-boxed e-con e-parent\" data-id=\"8461404\" data-element_type=\"container\" data-e-type=\"container\">\n\t\t\t\t\t<div class=\"e-con-inner\">\n\t\t\t\t<div class=\"elementor-element elementor-element-6dbbcdc elementor-widget elementor-widget-image\" data-id=\"6dbbcdc\" data-element_type=\"widget\" data-e-type=\"widget\" data-widget_type=\"image.default\">\n\t\t\t\t<div class=\"elementor-widget-container\">\n\t\t\t\t\t\t\t\t\t\t\t\t\t\t\t<img fetchpriority=\"high\" decoding=\"async\" width=\"600\" height=\"338\" src=\"https:\/\/www.rigolleau.com.ar\/wp-content\/uploads\/2023\/09\/degradabilidad-industrial.jpg\" class=\"attachment-large size-large wp-image-1273\" alt=\"\" srcset=\"https:\/\/www.rigolleau.com.ar\/wp-content\/uploads\/2023\/09\/degradabilidad-industrial.jpg 600w, https:\/\/www.rigolleau.com.ar\/wp-content\/uploads\/2023\/09\/degradabilidad-industrial-300x169.jpg 300w\" sizes=\"(max-width: 600px) 100vw, 600px\" \/>\t\t\t\t\t\t\t\t\t\t\t\t\t\t\t<\/div>\n\t\t\t\t<\/div>\n\t\t<div class=\"elementor-element elementor-element-664e6b1 e-flex e-con-boxed e-con e-parent\" data-id=\"664e6b1\" data-element_type=\"container\" data-e-type=\"container\">\n\t\t\t\t\t<div class=\"e-con-inner\">\n\t\t\t\t<div class=\"elementor-element elementor-element-975e91f elementor-widget elementor-widget-heading\" data-id=\"975e91f\" data-element_type=\"widget\" data-e-type=\"widget\" data-widget_type=\"heading.default\">\n\t\t\t\t<div class=\"elementor-widget-container\">\n\t\t\t\t\t<p class=\"elementor-heading-title elementor-size-default\">Los vidrios industriales comunes son pr\u00e1cticamente inertes frente al agua, a soluciones acuosas y a cualquier sustancia qu\u00edmica, inorg\u00e1nica u org\u00e1nica, y \u00e9sta es una de las caracter\u00edsticas m\u00e1s sobresalientes de este material. Son disueltos s\u00f3lo por el \u00e1cido fosf\u00f3rico caliente o por hidr\u00f3xidos alcalinos concentrados; ninguna de estas substancias existe en los suelos.<\/p>\t\t\t\t<\/div>\n\t\t\t\t<\/div>\n\t\t\t\t\t<\/div>\n\t\t\t\t<\/div>\n\t\t\t\t\t<\/div>\n\t\t\t\t<\/div>\n\t\t<div class=\"elementor-element elementor-element-6f50231 e-flex e-con-boxed e-con e-parent\" data-id=\"6f50231\" data-element_type=\"container\" data-e-type=\"container\">\n\t\t\t\t\t<div class=\"e-con-inner\">\n\t\t\t\t<div class=\"elementor-element elementor-element-c9b1390 elementor-widget elementor-widget-image\" data-id=\"c9b1390\" data-element_type=\"widget\" data-e-type=\"widget\" data-widget_type=\"image.default\">\n\t\t\t\t<div class=\"elementor-widget-container\">\n\t\t\t\t\t\t\t\t\t\t\t\t\t\t\t<img decoding=\"async\" width=\"600\" height=\"338\" src=\"https:\/\/www.rigolleau.com.ar\/wp-content\/uploads\/2023\/09\/degradabilidad-quimicos-2.jpg\" class=\"attachment-large size-large wp-image-1278\" alt=\"\" srcset=\"https:\/\/www.rigolleau.com.ar\/wp-content\/uploads\/2023\/09\/degradabilidad-quimicos-2.jpg 600w, https:\/\/www.rigolleau.com.ar\/wp-content\/uploads\/2023\/09\/degradabilidad-quimicos-2-300x169.jpg 300w\" sizes=\"(max-width: 600px) 100vw, 600px\" \/>\t\t\t\t\t\t\t\t\t\t\t\t\t\t\t<\/div>\n\t\t\t\t<\/div>\n\t\t<div class=\"elementor-element elementor-element-679d2d8 e-flex e-con-boxed e-con e-parent\" data-id=\"679d2d8\" data-element_type=\"container\" data-e-type=\"container\">\n\t\t\t\t\t<div class=\"e-con-inner\">\n\t\t\t\t<div class=\"elementor-element elementor-element-b447f35 elementor-widget elementor-widget-heading\" data-id=\"b447f35\" data-element_type=\"widget\" data-e-type=\"widget\" data-widget_type=\"heading.default\">\n\t\t\t\t<div class=\"elementor-widget-container\">\n\t\t\t\t\t<p class=\"elementor-heading-title elementor-size-default\">A temperatura ambiente, el ataque qu\u00edmico por el agua o soluciones acuosas es despreciable e imposible de medir por diferencia de masa. Los mecanismos de estas reacciones, tanto como la influencia de la temperatura, composici\u00f3n del vidrio, composici\u00f3n y pH del medio, agitaci\u00f3n y otras variables, son bien conocidas y han sido cuidadosamente estudiadas por muchos a\u00f1os.<\/p>\t\t\t\t<\/div>\n\t\t\t\t<\/div>\n\t\t\t\t\t<\/div>\n\t\t\t\t<\/div>\n\t\t\t\t\t<\/div>\n\t\t\t\t<\/div>\n\t\t<div class=\"elementor-element elementor-element-b354da0 e-flex e-con-boxed e-con e-parent\" data-id=\"b354da0\" data-element_type=\"container\" data-e-type=\"container\">\n\t\t\t\t\t<div class=\"e-con-inner\">\n\t\t\t\t<div class=\"elementor-element elementor-element-cd124d4 elementor-widget elementor-widget-image\" data-id=\"cd124d4\" data-element_type=\"widget\" data-e-type=\"widget\" data-widget_type=\"image.default\">\n\t\t\t\t<div class=\"elementor-widget-container\">\n\t\t\t\t\t\t\t\t\t\t\t\t\t\t\t<img decoding=\"async\" width=\"600\" height=\"338\" src=\"https:\/\/www.rigolleau.com.ar\/wp-content\/uploads\/2023\/09\/degradabilidad-quimicos-.jpg\" class=\"attachment-large size-large wp-image-1277\" alt=\"\" srcset=\"https:\/\/www.rigolleau.com.ar\/wp-content\/uploads\/2023\/09\/degradabilidad-quimicos-.jpg 600w, https:\/\/www.rigolleau.com.ar\/wp-content\/uploads\/2023\/09\/degradabilidad-quimicos--300x169.jpg 300w\" sizes=\"(max-width: 600px) 100vw, 600px\" \/>\t\t\t\t\t\t\t\t\t\t\t\t\t\t\t<\/div>\n\t\t\t\t<\/div>\n\t\t<div class=\"elementor-element elementor-element-3569b29 e-flex e-con-boxed e-con e-parent\" data-id=\"3569b29\" data-element_type=\"container\" data-e-type=\"container\">\n\t\t\t\t\t<div class=\"e-con-inner\">\n\t\t\t\t<div class=\"elementor-element elementor-element-e3d1a43 elementor-widget elementor-widget-heading\" data-id=\"e3d1a43\" data-element_type=\"widget\" data-e-type=\"widget\" data-widget_type=\"heading.default\">\n\t\t\t\t<div class=\"elementor-widget-container\">\n\t\t\t\t\t<p class=\"elementor-heading-title elementor-size-default\">La inmovilizaci\u00f3n de los residuos radioactivos de alta actividad por vitrificaci\u00f3n es un excelente ejemplo de la estabilidad del vidrio frente a soluciones acuosas naturales. Este es el \u00fanico m\u00e9todo aprobado y seguro empleado actualmente y es usado en plantas en Europa, EEUU y Jap\u00f3n. La base de este proceso de vitrificaci\u00f3n es, justamente, la alta estabilidad qu\u00edmica de los vidrios.<\/p>\t\t\t\t<\/div>\n\t\t\t\t<\/div>\n\t\t\t\t\t<\/div>\n\t\t\t\t<\/div>\n\t\t\t\t\t<\/div>\n\t\t\t\t<\/div>\n\t\t\t\t<div class=\"elementor-element elementor-element-143768d elementor-widget elementor-widget-text-editor\" data-id=\"143768d\" data-element_type=\"widget\" data-e-type=\"widget\" data-widget_type=\"text-editor.default\">\n\t\t\t\t<div class=\"elementor-widget-container\">\n\t\t\t\t\t\t\t\t\t<p>En el caso del vidrio com\u00fan de silicato-c\u00e1lcico, el valor del ataque puede ser estimado en un orden de magnitud menor, que significa una durabilidad del orden de los miles de a\u00f1os, la que es todav\u00eda muy larga. Aun suponiendo una velocidad de disoluci\u00f3n m\u00e1s elevada, la cuesti\u00f3n b\u00e1sica es: de que productos de degradaci\u00f3n se trata, y como pueden afectar el medio ambiente. Todos los productos de degradaci\u00f3n del vidrio son silicatos y sales de sodio, potasio, aluminio y otros componentes del vidrio, que son completamente inofensivos.<\/p>\t\t\t\t\t\t\t\t<\/div>\n\t\t\t\t<\/div>\n\t\t\t\t<div class=\"elementor-element elementor-element-dc08a06 elementor-widget elementor-widget-heading\" data-id=\"dc08a06\" data-element_type=\"widget\" data-e-type=\"widget\" data-widget_type=\"heading.default\">\n\t\t\t\t<div class=\"elementor-widget-container\">\n\t\t\t\t\t<h2 class=\"elementor-heading-title elementor-size-default\">El vidrio com\u00fan es absolutamente no contaminante.<\/h2>\t\t\t\t<\/div>\n\t\t\t\t<\/div>\n\t\t\t\t<div class=\"elementor-element elementor-element-913a701 elementor-widget elementor-widget-text-editor\" data-id=\"913a701\" data-element_type=\"widget\" data-e-type=\"widget\" data-widget_type=\"text-editor.default\">\n\t\t\t\t<div class=\"elementor-widget-container\">\n\t\t\t\t\t\t\t\t\t<p><em>Fuente: CAFAVI (C\u00e1mara Argentina de Fabricantes de Vidrio) \u2013 Autor: Dr. Eduardo Mari. El Dr. Eduardo Mari fue Director del CIDEMAT (Centro de Investigaci\u00f3n y Desarrollo de Materiales) perteneciente al INTEMIN (Instituto Nacional de Tecnolog\u00eda Minera)<\/em><\/p>\t\t\t\t\t\t\t\t<\/div>\n\t\t\t\t<\/div>\n\t\t\t\t\t<\/div>\n\t\t\t\t<\/div>\n\t\t\t\t\t<\/div>\n\t\t\t\t<\/div>\n\t\t\t\t<\/div>\n\t\t","protected":false},"excerpt":{"rendered":"<p>Los vidrios industriales comunes son pr\u00e1cticamente inertes frente al agua, a soluciones acuosas y a cualquier sustancia qu\u00edmica, inorg\u00e1nica u org\u00e1nica, y \u00e9sta es una de las caracter\u00edsticas m\u00e1s sobresalientes de este material. Son disueltos s\u00f3lo por el \u00e1cido fosf\u00f3rico caliente o por hidr\u00f3xidos alcalinos concentrados; ninguna de estas substancias existe en los suelos. A [&hellip;]<\/p>\n","protected":false},"author":1,"featured_media":1217,"parent":62,"menu_order":2030,"comment_status":"closed","ping_status":"closed","template":"","meta":{"_acf_changed":false,"footnotes":""},"class_list":["post-68","page","type-page","status-publish","has-post-thumbnail","hentry"],"acf":[],"yoast_head":"<!-- This site is optimized with the Yoast SEO plugin v27.3 - https:\/\/yoast.com\/product\/yoast-seo-wordpress\/ -->\n<title>Degradabilidad - Rigolleau<\/title>\n<meta name=\"robots\" content=\"index, follow, max-snippet:-1, max-image-preview:large, max-video-preview:-1\" \/>\n<link rel=\"canonical\" href=\"https:\/\/www.rigolleau.com.ar\/index.php\/el-vidrio\/degradabilidad\/\" \/>\n<meta property=\"og:locale\" content=\"es_ES\" \/>\n<meta property=\"og:type\" content=\"article\" \/>\n<meta property=\"og:title\" content=\"Degradabilidad - Rigolleau\" \/>\n<meta property=\"og:description\" content=\"Los vidrios industriales comunes son pr\u00e1cticamente inertes frente al agua, a soluciones acuosas y a cualquier sustancia qu\u00edmica, inorg\u00e1nica u org\u00e1nica, y \u00e9sta es una de las caracter\u00edsticas m\u00e1s sobresalientes de este material. Son disueltos s\u00f3lo por el \u00e1cido fosf\u00f3rico caliente o por hidr\u00f3xidos alcalinos concentrados; ninguna de estas substancias existe en los suelos. A [&hellip;]\" \/>\n<meta property=\"og:url\" content=\"https:\/\/www.rigolleau.com.ar\/index.php\/el-vidrio\/degradabilidad\/\" \/>\n<meta property=\"og:site_name\" content=\"Rigolleau\" \/>\n<meta property=\"article:publisher\" content=\"https:\/\/www.facebook.com\/people\/Rigolleau\/100070676282400\/\" \/>\n<meta property=\"article:modified_time\" content=\"2023-09-25T03:35:40+00:00\" \/>\n<meta property=\"og:image\" content=\"https:\/\/www.rigolleau.com.ar\/wp-content\/uploads\/2023\/08\/Degradabilidad.jpg\" \/>\n\t<meta property=\"og:image:width\" content=\"1400\" \/>\n\t<meta property=\"og:image:height\" content=\"374\" \/>\n\t<meta property=\"og:image:type\" content=\"image\/jpeg\" \/>\n<meta name=\"twitter:card\" content=\"summary_large_image\" \/>\n<meta name=\"twitter:label1\" content=\"Tiempo de lectura\" \/>\n\t<meta name=\"twitter:data1\" content=\"2 minutos\" \/>\n<script type=\"application\/ld+json\" class=\"yoast-schema-graph\">{\"@context\":\"https:\\\/\\\/schema.org\",\"@graph\":[{\"@type\":\"WebPage\",\"@id\":\"https:\\\/\\\/www.rigolleau.com.ar\\\/index.php\\\/el-vidrio\\\/degradabilidad\\\/\",\"url\":\"https:\\\/\\\/www.rigolleau.com.ar\\\/index.php\\\/el-vidrio\\\/degradabilidad\\\/\",\"name\":\"Degradabilidad - Rigolleau\",\"isPartOf\":{\"@id\":\"https:\\\/\\\/www.rigolleau.com.ar\\\/#website\"},\"primaryImageOfPage\":{\"@id\":\"https:\\\/\\\/www.rigolleau.com.ar\\\/index.php\\\/el-vidrio\\\/degradabilidad\\\/#primaryimage\"},\"image\":{\"@id\":\"https:\\\/\\\/www.rigolleau.com.ar\\\/index.php\\\/el-vidrio\\\/degradabilidad\\\/#primaryimage\"},\"thumbnailUrl\":\"https:\\\/\\\/www.rigolleau.com.ar\\\/wp-content\\\/uploads\\\/2023\\\/08\\\/Degradabilidad.jpg\",\"datePublished\":\"2023-08-21T01:12:05+00:00\",\"dateModified\":\"2023-09-25T03:35:40+00:00\",\"breadcrumb\":{\"@id\":\"https:\\\/\\\/www.rigolleau.com.ar\\\/index.php\\\/el-vidrio\\\/degradabilidad\\\/#breadcrumb\"},\"inLanguage\":\"es-AR\",\"potentialAction\":[{\"@type\":\"ReadAction\",\"target\":[\"https:\\\/\\\/www.rigolleau.com.ar\\\/index.php\\\/el-vidrio\\\/degradabilidad\\\/\"]}]},{\"@type\":\"ImageObject\",\"inLanguage\":\"es-AR\",\"@id\":\"https:\\\/\\\/www.rigolleau.com.ar\\\/index.php\\\/el-vidrio\\\/degradabilidad\\\/#primaryimage\",\"url\":\"https:\\\/\\\/www.rigolleau.com.ar\\\/wp-content\\\/uploads\\\/2023\\\/08\\\/Degradabilidad.jpg\",\"contentUrl\":\"https:\\\/\\\/www.rigolleau.com.ar\\\/wp-content\\\/uploads\\\/2023\\\/08\\\/Degradabilidad.jpg\",\"width\":1400,\"height\":374},{\"@type\":\"BreadcrumbList\",\"@id\":\"https:\\\/\\\/www.rigolleau.com.ar\\\/index.php\\\/el-vidrio\\\/degradabilidad\\\/#breadcrumb\",\"itemListElement\":[{\"@type\":\"ListItem\",\"position\":1,\"name\":\"Portada\",\"item\":\"https:\\\/\\\/www.rigolleau.com.ar\\\/\"},{\"@type\":\"ListItem\",\"position\":2,\"name\":\"El vidrio\",\"item\":\"https:\\\/\\\/www.rigolleau.com.ar\\\/index.php\\\/el-vidrio\\\/\"},{\"@type\":\"ListItem\",\"position\":3,\"name\":\"Degradabilidad\"}]},{\"@type\":\"WebSite\",\"@id\":\"https:\\\/\\\/www.rigolleau.com.ar\\\/#website\",\"url\":\"https:\\\/\\\/www.rigolleau.com.ar\\\/\",\"name\":\"Rigolleau\",\"description\":\"S\u00edmbolo del Vidrio\",\"publisher\":{\"@id\":\"https:\\\/\\\/www.rigolleau.com.ar\\\/#organization\"},\"potentialAction\":[{\"@type\":\"SearchAction\",\"target\":{\"@type\":\"EntryPoint\",\"urlTemplate\":\"https:\\\/\\\/www.rigolleau.com.ar\\\/?s={search_term_string}\"},\"query-input\":{\"@type\":\"PropertyValueSpecification\",\"valueRequired\":true,\"valueName\":\"search_term_string\"}}],\"inLanguage\":\"es-AR\"},{\"@type\":\"Organization\",\"@id\":\"https:\\\/\\\/www.rigolleau.com.ar\\\/#organization\",\"name\":\"Rigolleau S.A.\",\"url\":\"https:\\\/\\\/www.rigolleau.com.ar\\\/\",\"logo\":{\"@type\":\"ImageObject\",\"inLanguage\":\"es-AR\",\"@id\":\"https:\\\/\\\/www.rigolleau.com.ar\\\/#\\\/schema\\\/logo\\\/image\\\/\",\"url\":\"https:\\\/\\\/www.rigolleau.com.ar\\\/wp-content\\\/uploads\\\/2023\\\/07\\\/rigolleau-logo.png\",\"contentUrl\":\"https:\\\/\\\/www.rigolleau.com.ar\\\/wp-content\\\/uploads\\\/2023\\\/07\\\/rigolleau-logo.png\",\"width\":730,\"height\":386,\"caption\":\"Rigolleau S.A.\"},\"image\":{\"@id\":\"https:\\\/\\\/www.rigolleau.com.ar\\\/#\\\/schema\\\/logo\\\/image\\\/\"},\"sameAs\":[\"https:\\\/\\\/www.facebook.com\\\/people\\\/Rigolleau\\\/100070676282400\\\/\",\"https:\\\/\\\/www.instagram.com\\\/rigolleau.s.a\\\/?hl=es\",\"https:\\\/\\\/ar.linkedin.com\\\/company\\\/rigolleau-s.a.\"]}]}<\/script>\n<!-- \/ Yoast SEO plugin. -->","yoast_head_json":{"title":"Degradabilidad - Rigolleau","robots":{"index":"index","follow":"follow","max-snippet":"max-snippet:-1","max-image-preview":"max-image-preview:large","max-video-preview":"max-video-preview:-1"},"canonical":"https:\/\/www.rigolleau.com.ar\/index.php\/el-vidrio\/degradabilidad\/","og_locale":"es_ES","og_type":"article","og_title":"Degradabilidad - Rigolleau","og_description":"Los vidrios industriales comunes son pr\u00e1cticamente inertes frente al agua, a soluciones acuosas y a cualquier sustancia qu\u00edmica, inorg\u00e1nica u org\u00e1nica, y \u00e9sta es una de las caracter\u00edsticas m\u00e1s sobresalientes de este material. Son disueltos s\u00f3lo por el \u00e1cido fosf\u00f3rico caliente o por hidr\u00f3xidos alcalinos concentrados; ninguna de estas substancias existe en los suelos. A [&hellip;]","og_url":"https:\/\/www.rigolleau.com.ar\/index.php\/el-vidrio\/degradabilidad\/","og_site_name":"Rigolleau","article_publisher":"https:\/\/www.facebook.com\/people\/Rigolleau\/100070676282400\/","article_modified_time":"2023-09-25T03:35:40+00:00","og_image":[{"width":1400,"height":374,"url":"https:\/\/www.rigolleau.com.ar\/wp-content\/uploads\/2023\/08\/Degradabilidad.jpg","type":"image\/jpeg"}],"twitter_card":"summary_large_image","twitter_misc":{"Tiempo de lectura":"2 minutos"},"schema":{"@context":"https:\/\/schema.org","@graph":[{"@type":"WebPage","@id":"https:\/\/www.rigolleau.com.ar\/index.php\/el-vidrio\/degradabilidad\/","url":"https:\/\/www.rigolleau.com.ar\/index.php\/el-vidrio\/degradabilidad\/","name":"Degradabilidad - Rigolleau","isPartOf":{"@id":"https:\/\/www.rigolleau.com.ar\/#website"},"primaryImageOfPage":{"@id":"https:\/\/www.rigolleau.com.ar\/index.php\/el-vidrio\/degradabilidad\/#primaryimage"},"image":{"@id":"https:\/\/www.rigolleau.com.ar\/index.php\/el-vidrio\/degradabilidad\/#primaryimage"},"thumbnailUrl":"https:\/\/www.rigolleau.com.ar\/wp-content\/uploads\/2023\/08\/Degradabilidad.jpg","datePublished":"2023-08-21T01:12:05+00:00","dateModified":"2023-09-25T03:35:40+00:00","breadcrumb":{"@id":"https:\/\/www.rigolleau.com.ar\/index.php\/el-vidrio\/degradabilidad\/#breadcrumb"},"inLanguage":"es-AR","potentialAction":[{"@type":"ReadAction","target":["https:\/\/www.rigolleau.com.ar\/index.php\/el-vidrio\/degradabilidad\/"]}]},{"@type":"ImageObject","inLanguage":"es-AR","@id":"https:\/\/www.rigolleau.com.ar\/index.php\/el-vidrio\/degradabilidad\/#primaryimage","url":"https:\/\/www.rigolleau.com.ar\/wp-content\/uploads\/2023\/08\/Degradabilidad.jpg","contentUrl":"https:\/\/www.rigolleau.com.ar\/wp-content\/uploads\/2023\/08\/Degradabilidad.jpg","width":1400,"height":374},{"@type":"BreadcrumbList","@id":"https:\/\/www.rigolleau.com.ar\/index.php\/el-vidrio\/degradabilidad\/#breadcrumb","itemListElement":[{"@type":"ListItem","position":1,"name":"Portada","item":"https:\/\/www.rigolleau.com.ar\/"},{"@type":"ListItem","position":2,"name":"El vidrio","item":"https:\/\/www.rigolleau.com.ar\/index.php\/el-vidrio\/"},{"@type":"ListItem","position":3,"name":"Degradabilidad"}]},{"@type":"WebSite","@id":"https:\/\/www.rigolleau.com.ar\/#website","url":"https:\/\/www.rigolleau.com.ar\/","name":"Rigolleau","description":"S\u00edmbolo del Vidrio","publisher":{"@id":"https:\/\/www.rigolleau.com.ar\/#organization"},"potentialAction":[{"@type":"SearchAction","target":{"@type":"EntryPoint","urlTemplate":"https:\/\/www.rigolleau.com.ar\/?s={search_term_string}"},"query-input":{"@type":"PropertyValueSpecification","valueRequired":true,"valueName":"search_term_string"}}],"inLanguage":"es-AR"},{"@type":"Organization","@id":"https:\/\/www.rigolleau.com.ar\/#organization","name":"Rigolleau S.A.","url":"https:\/\/www.rigolleau.com.ar\/","logo":{"@type":"ImageObject","inLanguage":"es-AR","@id":"https:\/\/www.rigolleau.com.ar\/#\/schema\/logo\/image\/","url":"https:\/\/www.rigolleau.com.ar\/wp-content\/uploads\/2023\/07\/rigolleau-logo.png","contentUrl":"https:\/\/www.rigolleau.com.ar\/wp-content\/uploads\/2023\/07\/rigolleau-logo.png","width":730,"height":386,"caption":"Rigolleau S.A."},"image":{"@id":"https:\/\/www.rigolleau.com.ar\/#\/schema\/logo\/image\/"},"sameAs":["https:\/\/www.facebook.com\/people\/Rigolleau\/100070676282400\/","https:\/\/www.instagram.com\/rigolleau.s.a\/?hl=es","https:\/\/ar.linkedin.com\/company\/rigolleau-s.a."]}]}},"_links":{"self":[{"href":"https:\/\/www.rigolleau.com.ar\/index.php\/wp-json\/wp\/v2\/pages\/68","targetHints":{"allow":["GET"]}}],"collection":[{"href":"https:\/\/www.rigolleau.com.ar\/index.php\/wp-json\/wp\/v2\/pages"}],"about":[{"href":"https:\/\/www.rigolleau.com.ar\/index.php\/wp-json\/wp\/v2\/types\/page"}],"author":[{"embeddable":true,"href":"https:\/\/www.rigolleau.com.ar\/index.php\/wp-json\/wp\/v2\/users\/1"}],"replies":[{"embeddable":true,"href":"https:\/\/www.rigolleau.com.ar\/index.php\/wp-json\/wp\/v2\/comments?post=68"}],"version-history":[{"count":50,"href":"https:\/\/www.rigolleau.com.ar\/index.php\/wp-json\/wp\/v2\/pages\/68\/revisions"}],"predecessor-version":[{"id":2159,"href":"https:\/\/www.rigolleau.com.ar\/index.php\/wp-json\/wp\/v2\/pages\/68\/revisions\/2159"}],"up":[{"embeddable":true,"href":"https:\/\/www.rigolleau.com.ar\/index.php\/wp-json\/wp\/v2\/pages\/62"}],"wp:featuredmedia":[{"embeddable":true,"href":"https:\/\/www.rigolleau.com.ar\/index.php\/wp-json\/wp\/v2\/media\/1217"}],"wp:attachment":[{"href":"https:\/\/www.rigolleau.com.ar\/index.php\/wp-json\/wp\/v2\/media?parent=68"}],"curies":[{"name":"wp","href":"https:\/\/api.w.org\/{rel}","templated":true}]}}