{"id":70,"date":"2023-08-21T01:12:25","date_gmt":"2023-08-21T01:12:25","guid":{"rendered":"https:\/\/rigolleau.com.ar\/?page_id=70"},"modified":"2023-09-06T05:30:49","modified_gmt":"2023-09-06T05:30:49","slug":"reciclado-del-vidrio","status":"publish","type":"page","link":"https:\/\/www.rigolleau.com.ar\/index.php\/el-vidrio\/reciclado-del-vidrio\/","title":{"rendered":"Reciclado del Vidrio"},"content":{"rendered":"\t\t<div data-elementor-type=\"wp-page\" data-elementor-id=\"70\" class=\"elementor elementor-70\" data-elementor-post-type=\"page\">\n\t\t\t\t<div class=\"elementor-element elementor-element-a62cc33 e-con-full e-flex e-con e-parent\" data-id=\"a62cc33\" data-element_type=\"container\" data-e-type=\"container\" data-settings=\"{&quot;background_background&quot;:&quot;classic&quot;}\">\n\t\t<div class=\"elementor-element elementor-element-b2536c9 e-flex e-con-boxed e-con e-parent\" data-id=\"b2536c9\" data-element_type=\"container\" data-e-type=\"container\">\n\t\t\t\t\t<div class=\"e-con-inner\">\n\t\t\t\t<div class=\"elementor-element elementor-element-c6c5cfa elementor-widget elementor-widget-heading\" data-id=\"c6c5cfa\" data-element_type=\"widget\" data-e-type=\"widget\" data-widget_type=\"heading.default\">\n\t\t\t\t<div class=\"elementor-widget-container\">\n\t\t\t\t\t<h1 class=\"elementor-heading-title elementor-size-default\">Reciclado del Vidrio<\/h1>\t\t\t\t<\/div>\n\t\t\t\t<\/div>\n\t\t\t\t\t<\/div>\n\t\t\t\t<\/div>\n\t\t\t\t<\/div>\n\t\t<div class=\"elementor-element elementor-element-33c6397 e-flex e-con-boxed e-con e-parent\" data-id=\"33c6397\" data-element_type=\"container\" data-e-type=\"container\">\n\t\t\t\t\t<div class=\"e-con-inner\">\n\t\t<div class=\"elementor-element elementor-element-10c1b5e e-flex e-con-boxed e-con e-parent\" data-id=\"10c1b5e\" data-element_type=\"container\" data-e-type=\"container\" data-settings=\"{&quot;background_background&quot;:&quot;classic&quot;}\">\n\t\t\t\t\t<div class=\"e-con-inner\">\n\t\t<div class=\"elementor-element elementor-element-c6a560a e-flex e-con-boxed e-con e-parent\" data-id=\"c6a560a\" data-element_type=\"container\" data-e-type=\"container\">\n\t\t\t\t\t<div class=\"e-con-inner\">\n\t\t\t\t<div class=\"elementor-element elementor-element-103dfeb elementor-widget elementor-widget-image\" data-id=\"103dfeb\" data-element_type=\"widget\" data-e-type=\"widget\" data-widget_type=\"image.default\">\n\t\t\t\t<div class=\"elementor-widget-container\">\n\t\t\t\t\t\t\t\t\t\t\t\t\t\t\t<img fetchpriority=\"high\" decoding=\"async\" width=\"800\" height=\"533\" src=\"https:\/\/www.rigolleau.com.ar\/wp-content\/uploads\/2023\/09\/waste-sorting-and-recycling-concept-throwing-glass-bottle-into-recycle-bin-garbage-container.jpg\" class=\"attachment-large size-large wp-image-2071\" alt=\"\" srcset=\"https:\/\/www.rigolleau.com.ar\/wp-content\/uploads\/2023\/09\/waste-sorting-and-recycling-concept-throwing-glass-bottle-into-recycle-bin-garbage-container.jpg 900w, https:\/\/www.rigolleau.com.ar\/wp-content\/uploads\/2023\/09\/waste-sorting-and-recycling-concept-throwing-glass-bottle-into-recycle-bin-garbage-container-300x200.jpg 300w, https:\/\/www.rigolleau.com.ar\/wp-content\/uploads\/2023\/09\/waste-sorting-and-recycling-concept-throwing-glass-bottle-into-recycle-bin-garbage-container-768x512.jpg 768w\" sizes=\"(max-width: 800px) 100vw, 800px\" \/>\t\t\t\t\t\t\t\t\t\t\t\t\t\t\t<\/div>\n\t\t\t\t<\/div>\n\t\t<div class=\"elementor-element elementor-element-3c6115d e-flex e-con-boxed e-con e-parent\" data-id=\"3c6115d\" data-element_type=\"container\" data-e-type=\"container\">\n\t\t\t\t\t<div class=\"e-con-inner\">\n\t\t\t\t<div class=\"elementor-element elementor-element-9008652 elementor-widget elementor-widget-heading\" data-id=\"9008652\" data-element_type=\"widget\" data-e-type=\"widget\" data-widget_type=\"heading.default\">\n\t\t\t\t<div class=\"elementor-widget-container\">\n\t\t\t\t\t<p class=\"elementor-heading-title elementor-size-default\">El reciclado del vidrio es una pr\u00e1ctica com\u00fan. En muchos pa\u00edses y en especial en las grandes ciudades, hay organizaciones para recolectar desechos de vidrios y enviarlos a las f\u00e1bricas de vidrio. A partir de la crisis del petr\u00f3leo de los a\u00f1os 70, el reciclado del casco de vidrio se hizo m\u00e1s importante a ra\u00edz de la escasez de energ\u00eda.<\/p>\t\t\t\t<\/div>\n\t\t\t\t<\/div>\n\t\t\t\t\t<\/div>\n\t\t\t\t<\/div>\n\t\t\t\t\t<\/div>\n\t\t\t\t<\/div>\n\t\t<div class=\"elementor-element elementor-element-e2e5192 e-flex e-con-boxed e-con e-parent\" data-id=\"e2e5192\" data-element_type=\"container\" data-e-type=\"container\">\n\t\t\t\t\t<div class=\"e-con-inner\">\n\t\t\t\t<div class=\"elementor-element elementor-element-a2cb341 elementor-widget elementor-widget-image\" data-id=\"a2cb341\" data-element_type=\"widget\" data-e-type=\"widget\" data-widget_type=\"image.default\">\n\t\t\t\t<div class=\"elementor-widget-container\">\n\t\t\t\t\t\t\t\t\t\t\t\t\t\t\t<img decoding=\"async\" width=\"600\" height=\"400\" src=\"https:\/\/www.rigolleau.com.ar\/wp-content\/uploads\/2023\/09\/reciclado-3.jpg\" class=\"attachment-large size-large wp-image-1288\" alt=\"\" srcset=\"https:\/\/www.rigolleau.com.ar\/wp-content\/uploads\/2023\/09\/reciclado-3.jpg 600w, https:\/\/www.rigolleau.com.ar\/wp-content\/uploads\/2023\/09\/reciclado-3-300x200.jpg 300w\" sizes=\"(max-width: 600px) 100vw, 600px\" \/>\t\t\t\t\t\t\t\t\t\t\t\t\t\t\t<\/div>\n\t\t\t\t<\/div>\n\t\t<div class=\"elementor-element elementor-element-c37f6b0 e-flex e-con-boxed e-con e-parent\" data-id=\"c37f6b0\" data-element_type=\"container\" data-e-type=\"container\">\n\t\t\t\t\t<div class=\"e-con-inner\">\n\t\t\t\t<div class=\"elementor-element elementor-element-951564e elementor-widget elementor-widget-heading\" data-id=\"951564e\" data-element_type=\"widget\" data-e-type=\"widget\" data-widget_type=\"heading.default\">\n\t\t\t\t<div class=\"elementor-widget-container\">\n\t\t\t\t\t<p class=\"elementor-heading-title elementor-size-default\">La mayor parte de estos fragmentos de vidrio provienen de envases, tanto de aquellos que terminaron su ciclo de reuso como los descartables (\u201cone-way\u201d). Actualmente millones de toneladas son recicladas mensualmente en todo el mundo y el porcentaje de vidrio reciclado en la carga del horno est\u00e1 usualmente por encima del 50%. Sin embargo, es importante notar que esta pr\u00e1ctica fue siempre com\u00fan y un procedimiento necesario en la fabricaci\u00f3n de vidrio, as\u00ed como de muchos otros materiales.<\/p>\t\t\t\t<\/div>\n\t\t\t\t<\/div>\n\t\t\t\t\t<\/div>\n\t\t\t\t<\/div>\n\t\t\t\t\t<\/div>\n\t\t\t\t<\/div>\n\t\t<div class=\"elementor-element elementor-element-073c79a e-flex e-con-boxed e-con e-parent\" data-id=\"073c79a\" data-element_type=\"container\" data-e-type=\"container\" data-settings=\"{&quot;background_background&quot;:&quot;classic&quot;}\">\n\t\t\t\t\t<div class=\"e-con-inner\">\n\t\t\t\t<div class=\"elementor-element elementor-element-a30ae50 elementor-widget elementor-widget-heading\" data-id=\"a30ae50\" data-element_type=\"widget\" data-e-type=\"widget\" data-widget_type=\"heading.default\">\n\t\t\t\t<div class=\"elementor-widget-container\">\n\t\t\t\t\t<h2 class=\"elementor-heading-title elementor-size-default\">Estudios arqueol\u00f3gicos han demostrado que trozos de vidrio de fundidos no exitosos u objetos rotos de vidrio fueron recolectados para nuevas fusiones, ahorrando de esta forma materia prima y trabajo. Antiguamente, \u00e9sta era una pr\u00e1ctica habitual para todo material valioso, como el bronce y metales en general; lanzas y espadas de hierro eran recuperadas de los campos de batalla para ser reusadas o fundidas.<\/h2>\t\t\t\t<\/div>\n\t\t\t\t<\/div>\n\t\t\t\t\t<\/div>\n\t\t\t\t<\/div>\n\t\t\t\t<div class=\"elementor-element elementor-element-a1e87d0 elementor-widget elementor-widget-text-editor\" data-id=\"a1e87d0\" data-element_type=\"widget\" data-e-type=\"widget\" data-widget_type=\"text-editor.default\">\n\t\t\t\t<div class=\"elementor-widget-container\">\n\t\t\t\t\t\t\t\t\t<p><em>Fuente: CAFAVI (C\u00e1mara Argentina de Fabricantes de Vidrio) \u2013 Autor: Dr. Eduardo Mari. El Dr. Eduardo Mari fue Director del CIDEMAT (Centro de Investigaci\u00f3n y Desarrollo de Materiales) perteneciente al INTEMIN (Instituto Nacional de Tecnolog\u00eda Minera).<\/em><\/p>\t\t\t\t\t\t\t\t<\/div>\n\t\t\t\t<\/div>\n\t\t\t\t\t<\/div>\n\t\t\t\t<\/div>\n\t\t\t\t\t<\/div>\n\t\t\t\t<\/div>\n\t\t\t\t<\/div>\n\t\t","protected":false},"excerpt":{"rendered":"<p>El reciclado del vidrio es una pr\u00e1ctica com\u00fan. En muchos pa\u00edses y en especial en las grandes ciudades, hay organizaciones para recolectar desechos de vidrios y enviarlos a las f\u00e1bricas de vidrio. A partir de la crisis del petr\u00f3leo de los a\u00f1os 70, el reciclado del casco de vidrio se hizo m\u00e1s importante a ra\u00edz [&hellip;]<\/p>\n","protected":false},"author":1,"featured_media":1282,"parent":62,"menu_order":2040,"comment_status":"closed","ping_status":"closed","template":"","meta":{"_acf_changed":false,"footnotes":""},"class_list":["post-70","page","type-page","status-publish","has-post-thumbnail","hentry"],"acf":[],"yoast_head":"<!-- This site is optimized with the Yoast SEO plugin v27.5 - https:\/\/yoast.com\/product\/yoast-seo-wordpress\/ -->\n<title>Reciclado del Vidrio - Rigolleau<\/title>\n<meta name=\"robots\" content=\"index, follow, max-snippet:-1, max-image-preview:large, max-video-preview:-1\" \/>\n<link rel=\"canonical\" href=\"https:\/\/www.rigolleau.com.ar\/index.php\/el-vidrio\/reciclado-del-vidrio\/\" \/>\n<meta property=\"og:locale\" content=\"es_ES\" \/>\n<meta property=\"og:type\" content=\"article\" \/>\n<meta property=\"og:title\" content=\"Reciclado del Vidrio - Rigolleau\" \/>\n<meta property=\"og:description\" content=\"El reciclado del vidrio es una pr\u00e1ctica com\u00fan. En muchos pa\u00edses y en especial en las grandes ciudades, hay organizaciones para recolectar desechos de vidrios y enviarlos a las f\u00e1bricas de vidrio. A partir de la crisis del petr\u00f3leo de los a\u00f1os 70, el reciclado del casco de vidrio se hizo m\u00e1s importante a ra\u00edz [&hellip;]\" \/>\n<meta property=\"og:url\" content=\"https:\/\/www.rigolleau.com.ar\/index.php\/el-vidrio\/reciclado-del-vidrio\/\" \/>\n<meta property=\"og:site_name\" content=\"Rigolleau\" \/>\n<meta property=\"article:publisher\" content=\"https:\/\/www.facebook.com\/people\/Rigolleau\/100070676282400\/\" \/>\n<meta property=\"article:modified_time\" content=\"2023-09-06T05:30:49+00:00\" \/>\n<meta property=\"og:image\" content=\"https:\/\/www.rigolleau.com.ar\/wp-content\/uploads\/2023\/09\/reciclado.jpg\" \/>\n\t<meta property=\"og:image:width\" content=\"1600\" \/>\n\t<meta property=\"og:image:height\" content=\"900\" \/>\n\t<meta property=\"og:image:type\" content=\"image\/jpeg\" \/>\n<meta name=\"twitter:card\" content=\"summary_large_image\" \/>\n<meta name=\"twitter:label1\" content=\"Tiempo de lectura\" \/>\n\t<meta name=\"twitter:data1\" content=\"2 minutos\" \/>\n<script type=\"application\/ld+json\" class=\"yoast-schema-graph\">{\"@context\":\"https:\\\/\\\/schema.org\",\"@graph\":[{\"@type\":\"WebPage\",\"@id\":\"https:\\\/\\\/www.rigolleau.com.ar\\\/index.php\\\/el-vidrio\\\/reciclado-del-vidrio\\\/\",\"url\":\"https:\\\/\\\/www.rigolleau.com.ar\\\/index.php\\\/el-vidrio\\\/reciclado-del-vidrio\\\/\",\"name\":\"Reciclado del Vidrio - Rigolleau\",\"isPartOf\":{\"@id\":\"https:\\\/\\\/www.rigolleau.com.ar\\\/#website\"},\"primaryImageOfPage\":{\"@id\":\"https:\\\/\\\/www.rigolleau.com.ar\\\/index.php\\\/el-vidrio\\\/reciclado-del-vidrio\\\/#primaryimage\"},\"image\":{\"@id\":\"https:\\\/\\\/www.rigolleau.com.ar\\\/index.php\\\/el-vidrio\\\/reciclado-del-vidrio\\\/#primaryimage\"},\"thumbnailUrl\":\"https:\\\/\\\/www.rigolleau.com.ar\\\/wp-content\\\/uploads\\\/2023\\\/09\\\/reciclado.jpg\",\"datePublished\":\"2023-08-21T01:12:25+00:00\",\"dateModified\":\"2023-09-06T05:30:49+00:00\",\"breadcrumb\":{\"@id\":\"https:\\\/\\\/www.rigolleau.com.ar\\\/index.php\\\/el-vidrio\\\/reciclado-del-vidrio\\\/#breadcrumb\"},\"inLanguage\":\"es-AR\",\"potentialAction\":[{\"@type\":\"ReadAction\",\"target\":[\"https:\\\/\\\/www.rigolleau.com.ar\\\/index.php\\\/el-vidrio\\\/reciclado-del-vidrio\\\/\"]}]},{\"@type\":\"ImageObject\",\"inLanguage\":\"es-AR\",\"@id\":\"https:\\\/\\\/www.rigolleau.com.ar\\\/index.php\\\/el-vidrio\\\/reciclado-del-vidrio\\\/#primaryimage\",\"url\":\"https:\\\/\\\/www.rigolleau.com.ar\\\/wp-content\\\/uploads\\\/2023\\\/09\\\/reciclado.jpg\",\"contentUrl\":\"https:\\\/\\\/www.rigolleau.com.ar\\\/wp-content\\\/uploads\\\/2023\\\/09\\\/reciclado.jpg\",\"width\":1600,\"height\":900},{\"@type\":\"BreadcrumbList\",\"@id\":\"https:\\\/\\\/www.rigolleau.com.ar\\\/index.php\\\/el-vidrio\\\/reciclado-del-vidrio\\\/#breadcrumb\",\"itemListElement\":[{\"@type\":\"ListItem\",\"position\":1,\"name\":\"Portada\",\"item\":\"https:\\\/\\\/www.rigolleau.com.ar\\\/\"},{\"@type\":\"ListItem\",\"position\":2,\"name\":\"El vidrio\",\"item\":\"https:\\\/\\\/www.rigolleau.com.ar\\\/index.php\\\/el-vidrio\\\/\"},{\"@type\":\"ListItem\",\"position\":3,\"name\":\"Reciclado del Vidrio\"}]},{\"@type\":\"WebSite\",\"@id\":\"https:\\\/\\\/www.rigolleau.com.ar\\\/#website\",\"url\":\"https:\\\/\\\/www.rigolleau.com.ar\\\/\",\"name\":\"Rigolleau\",\"description\":\"S\u00edmbolo del Vidrio\",\"publisher\":{\"@id\":\"https:\\\/\\\/www.rigolleau.com.ar\\\/#organization\"},\"potentialAction\":[{\"@type\":\"SearchAction\",\"target\":{\"@type\":\"EntryPoint\",\"urlTemplate\":\"https:\\\/\\\/www.rigolleau.com.ar\\\/?s={search_term_string}\"},\"query-input\":{\"@type\":\"PropertyValueSpecification\",\"valueRequired\":true,\"valueName\":\"search_term_string\"}}],\"inLanguage\":\"es-AR\"},{\"@type\":\"Organization\",\"@id\":\"https:\\\/\\\/www.rigolleau.com.ar\\\/#organization\",\"name\":\"Rigolleau S.A.\",\"url\":\"https:\\\/\\\/www.rigolleau.com.ar\\\/\",\"logo\":{\"@type\":\"ImageObject\",\"inLanguage\":\"es-AR\",\"@id\":\"https:\\\/\\\/www.rigolleau.com.ar\\\/#\\\/schema\\\/logo\\\/image\\\/\",\"url\":\"https:\\\/\\\/www.rigolleau.com.ar\\\/wp-content\\\/uploads\\\/2023\\\/07\\\/rigolleau-logo.png\",\"contentUrl\":\"https:\\\/\\\/www.rigolleau.com.ar\\\/wp-content\\\/uploads\\\/2023\\\/07\\\/rigolleau-logo.png\",\"width\":730,\"height\":386,\"caption\":\"Rigolleau S.A.\"},\"image\":{\"@id\":\"https:\\\/\\\/www.rigolleau.com.ar\\\/#\\\/schema\\\/logo\\\/image\\\/\"},\"sameAs\":[\"https:\\\/\\\/www.facebook.com\\\/people\\\/Rigolleau\\\/100070676282400\\\/\",\"https:\\\/\\\/www.instagram.com\\\/rigolleau.s.a\\\/?hl=es\",\"https:\\\/\\\/ar.linkedin.com\\\/company\\\/rigolleau-s.a.\"]}]}<\/script>\n<!-- \/ Yoast SEO plugin. -->","yoast_head_json":{"title":"Reciclado del Vidrio - Rigolleau","robots":{"index":"index","follow":"follow","max-snippet":"max-snippet:-1","max-image-preview":"max-image-preview:large","max-video-preview":"max-video-preview:-1"},"canonical":"https:\/\/www.rigolleau.com.ar\/index.php\/el-vidrio\/reciclado-del-vidrio\/","og_locale":"es_ES","og_type":"article","og_title":"Reciclado del Vidrio - Rigolleau","og_description":"El reciclado del vidrio es una pr\u00e1ctica com\u00fan. En muchos pa\u00edses y en especial en las grandes ciudades, hay organizaciones para recolectar desechos de vidrios y enviarlos a las f\u00e1bricas de vidrio. A partir de la crisis del petr\u00f3leo de los a\u00f1os 70, el reciclado del casco de vidrio se hizo m\u00e1s importante a ra\u00edz [&hellip;]","og_url":"https:\/\/www.rigolleau.com.ar\/index.php\/el-vidrio\/reciclado-del-vidrio\/","og_site_name":"Rigolleau","article_publisher":"https:\/\/www.facebook.com\/people\/Rigolleau\/100070676282400\/","article_modified_time":"2023-09-06T05:30:49+00:00","og_image":[{"width":1600,"height":900,"url":"https:\/\/www.rigolleau.com.ar\/wp-content\/uploads\/2023\/09\/reciclado.jpg","type":"image\/jpeg"}],"twitter_card":"summary_large_image","twitter_misc":{"Tiempo de lectura":"2 minutos"},"schema":{"@context":"https:\/\/schema.org","@graph":[{"@type":"WebPage","@id":"https:\/\/www.rigolleau.com.ar\/index.php\/el-vidrio\/reciclado-del-vidrio\/","url":"https:\/\/www.rigolleau.com.ar\/index.php\/el-vidrio\/reciclado-del-vidrio\/","name":"Reciclado del Vidrio - Rigolleau","isPartOf":{"@id":"https:\/\/www.rigolleau.com.ar\/#website"},"primaryImageOfPage":{"@id":"https:\/\/www.rigolleau.com.ar\/index.php\/el-vidrio\/reciclado-del-vidrio\/#primaryimage"},"image":{"@id":"https:\/\/www.rigolleau.com.ar\/index.php\/el-vidrio\/reciclado-del-vidrio\/#primaryimage"},"thumbnailUrl":"https:\/\/www.rigolleau.com.ar\/wp-content\/uploads\/2023\/09\/reciclado.jpg","datePublished":"2023-08-21T01:12:25+00:00","dateModified":"2023-09-06T05:30:49+00:00","breadcrumb":{"@id":"https:\/\/www.rigolleau.com.ar\/index.php\/el-vidrio\/reciclado-del-vidrio\/#breadcrumb"},"inLanguage":"es-AR","potentialAction":[{"@type":"ReadAction","target":["https:\/\/www.rigolleau.com.ar\/index.php\/el-vidrio\/reciclado-del-vidrio\/"]}]},{"@type":"ImageObject","inLanguage":"es-AR","@id":"https:\/\/www.rigolleau.com.ar\/index.php\/el-vidrio\/reciclado-del-vidrio\/#primaryimage","url":"https:\/\/www.rigolleau.com.ar\/wp-content\/uploads\/2023\/09\/reciclado.jpg","contentUrl":"https:\/\/www.rigolleau.com.ar\/wp-content\/uploads\/2023\/09\/reciclado.jpg","width":1600,"height":900},{"@type":"BreadcrumbList","@id":"https:\/\/www.rigolleau.com.ar\/index.php\/el-vidrio\/reciclado-del-vidrio\/#breadcrumb","itemListElement":[{"@type":"ListItem","position":1,"name":"Portada","item":"https:\/\/www.rigolleau.com.ar\/"},{"@type":"ListItem","position":2,"name":"El vidrio","item":"https:\/\/www.rigolleau.com.ar\/index.php\/el-vidrio\/"},{"@type":"ListItem","position":3,"name":"Reciclado del Vidrio"}]},{"@type":"WebSite","@id":"https:\/\/www.rigolleau.com.ar\/#website","url":"https:\/\/www.rigolleau.com.ar\/","name":"Rigolleau","description":"S\u00edmbolo del Vidrio","publisher":{"@id":"https:\/\/www.rigolleau.com.ar\/#organization"},"potentialAction":[{"@type":"SearchAction","target":{"@type":"EntryPoint","urlTemplate":"https:\/\/www.rigolleau.com.ar\/?s={search_term_string}"},"query-input":{"@type":"PropertyValueSpecification","valueRequired":true,"valueName":"search_term_string"}}],"inLanguage":"es-AR"},{"@type":"Organization","@id":"https:\/\/www.rigolleau.com.ar\/#organization","name":"Rigolleau S.A.","url":"https:\/\/www.rigolleau.com.ar\/","logo":{"@type":"ImageObject","inLanguage":"es-AR","@id":"https:\/\/www.rigolleau.com.ar\/#\/schema\/logo\/image\/","url":"https:\/\/www.rigolleau.com.ar\/wp-content\/uploads\/2023\/07\/rigolleau-logo.png","contentUrl":"https:\/\/www.rigolleau.com.ar\/wp-content\/uploads\/2023\/07\/rigolleau-logo.png","width":730,"height":386,"caption":"Rigolleau S.A."},"image":{"@id":"https:\/\/www.rigolleau.com.ar\/#\/schema\/logo\/image\/"},"sameAs":["https:\/\/www.facebook.com\/people\/Rigolleau\/100070676282400\/","https:\/\/www.instagram.com\/rigolleau.s.a\/?hl=es","https:\/\/ar.linkedin.com\/company\/rigolleau-s.a."]}]}},"_links":{"self":[{"href":"https:\/\/www.rigolleau.com.ar\/index.php\/wp-json\/wp\/v2\/pages\/70","targetHints":{"allow":["GET"]}}],"collection":[{"href":"https:\/\/www.rigolleau.com.ar\/index.php\/wp-json\/wp\/v2\/pages"}],"about":[{"href":"https:\/\/www.rigolleau.com.ar\/index.php\/wp-json\/wp\/v2\/types\/page"}],"author":[{"embeddable":true,"href":"https:\/\/www.rigolleau.com.ar\/index.php\/wp-json\/wp\/v2\/users\/1"}],"replies":[{"embeddable":true,"href":"https:\/\/www.rigolleau.com.ar\/index.php\/wp-json\/wp\/v2\/comments?post=70"}],"version-history":[{"count":28,"href":"https:\/\/www.rigolleau.com.ar\/index.php\/wp-json\/wp\/v2\/pages\/70\/revisions"}],"predecessor-version":[{"id":2077,"href":"https:\/\/www.rigolleau.com.ar\/index.php\/wp-json\/wp\/v2\/pages\/70\/revisions\/2077"}],"up":[{"embeddable":true,"href":"https:\/\/www.rigolleau.com.ar\/index.php\/wp-json\/wp\/v2\/pages\/62"}],"wp:featuredmedia":[{"embeddable":true,"href":"https:\/\/www.rigolleau.com.ar\/index.php\/wp-json\/wp\/v2\/media\/1282"}],"wp:attachment":[{"href":"https:\/\/www.rigolleau.com.ar\/index.php\/wp-json\/wp\/v2\/media?parent=70"}],"curies":[{"name":"wp","href":"https:\/\/api.w.org\/{rel}","templated":true}]}}