{"id":72,"date":"2023-08-21T01:12:47","date_gmt":"2023-08-21T01:12:47","guid":{"rendered":"https:\/\/rigolleau.com.ar\/?page_id=72"},"modified":"2023-09-06T05:31:45","modified_gmt":"2023-09-06T05:31:45","slug":"el-ciclo-del-vidrio","status":"publish","type":"page","link":"https:\/\/www.rigolleau.com.ar\/index.php\/el-vidrio\/el-ciclo-del-vidrio\/","title":{"rendered":"El Ciclo del Vidrio"},"content":{"rendered":"\t\t<div data-elementor-type=\"wp-page\" data-elementor-id=\"72\" class=\"elementor elementor-72\" data-elementor-post-type=\"page\">\n\t\t\t\t<div class=\"elementor-element elementor-element-a6094ba e-con-full e-flex e-con e-parent\" data-id=\"a6094ba\" data-element_type=\"container\" data-e-type=\"container\" data-settings=\"{&quot;background_background&quot;:&quot;classic&quot;}\">\n\t\t<div class=\"elementor-element elementor-element-5911034 e-flex e-con-boxed e-con e-parent\" data-id=\"5911034\" data-element_type=\"container\" data-e-type=\"container\">\n\t\t\t\t\t<div class=\"e-con-inner\">\n\t\t\t\t<div class=\"elementor-element elementor-element-25c69bb elementor-widget elementor-widget-heading\" data-id=\"25c69bb\" data-element_type=\"widget\" data-e-type=\"widget\" data-widget_type=\"heading.default\">\n\t\t\t\t<div class=\"elementor-widget-container\">\n\t\t\t\t\t<h1 class=\"elementor-heading-title elementor-size-default\">El Ciclo del Vidrio<\/h1>\t\t\t\t<\/div>\n\t\t\t\t<\/div>\n\t\t\t\t\t<\/div>\n\t\t\t\t<\/div>\n\t\t\t\t<\/div>\n\t\t<div class=\"elementor-element elementor-element-6af9f5e e-flex e-con-boxed e-con e-parent\" data-id=\"6af9f5e\" data-element_type=\"container\" data-e-type=\"container\">\n\t\t\t\t\t<div class=\"e-con-inner\">\n\t\t<div class=\"elementor-element elementor-element-f482c0f e-flex e-con-boxed e-con e-parent\" data-id=\"f482c0f\" data-element_type=\"container\" data-e-type=\"container\" data-settings=\"{&quot;background_background&quot;:&quot;classic&quot;}\">\n\t\t\t\t\t<div class=\"e-con-inner\">\n\t\t\t\t<div class=\"elementor-element elementor-element-5c20098 elementor-widget elementor-widget-text-editor\" data-id=\"5c20098\" data-element_type=\"widget\" data-e-type=\"widget\" data-widget_type=\"text-editor.default\">\n\t\t\t\t<div class=\"elementor-widget-container\">\n\t\t\t\t\t\t\t\t\t<p>Todos los elementos, todas las substancias qu\u00edmicas y todos los materiales tienen su propio ciclo natural. El vidrio no es una excepci\u00f3n. Hay dos ciclos principales: el reuso (retorno y envasado, luego de limpieza bajo rigurosas condiciones) y el reciclado (para volver a fundir y fabricar los mismos art\u00edculos u otros). En ambos casos (reuso y reciclado), no hay restricciones y la recuperaci\u00f3n es completa.<\/p>\t\t\t\t\t\t\t\t<\/div>\n\t\t\t\t<\/div>\n\t\t<div class=\"elementor-element elementor-element-87ffa1c e-flex e-con-boxed e-con e-parent\" data-id=\"87ffa1c\" data-element_type=\"container\" data-e-type=\"container\">\n\t\t\t\t\t<div class=\"e-con-inner\">\n\t\t<div class=\"elementor-element elementor-element-43bc2c8 e-flex e-con-boxed e-con e-parent\" data-id=\"43bc2c8\" data-element_type=\"container\" data-e-type=\"container\" data-settings=\"{&quot;background_background&quot;:&quot;classic&quot;}\">\n\t\t\t\t\t<div class=\"e-con-inner\">\n\t\t\t\t<div class=\"elementor-element elementor-element-535b461 elementor-view-default elementor-widget elementor-widget-icon\" data-id=\"535b461\" data-element_type=\"widget\" data-e-type=\"widget\" data-widget_type=\"icon.default\">\n\t\t\t\t<div class=\"elementor-widget-container\">\n\t\t\t\t\t\t\t<div class=\"elementor-icon-wrapper\">\n\t\t\t<div class=\"elementor-icon\">\n\t\t\t<svg xmlns=\"http:\/\/www.w3.org\/2000\/svg\" width=\"83\" height=\"94\" viewBox=\"0 0 83 94\" fill=\"none\"><path d=\"M78.55 57.66V47.41H74.5L72.71 0H60.4L58.61 47.41H37.62V57.66H27.93C27 47.71 26.11 36.82 26.11 36.82H7C7 36.82 4.86 62.34 3.81 70.84C3.11 76.56 0 93.71 0 93.71H82.86V57.66H78.54H78.55ZM68.86 4L69.03 8.55H64.08L64.25 4H68.85H68.86ZM63.93 12.55H69.18L70.5 47.41H62.61L63.93 12.55ZM41.62 51.41H74.55V57.66H41.62V51.41ZM22.44 40.82C22.53 41.89 22.64 43.15 22.76 44.54H10.37C10.49 43.15 10.6 41.89 10.69 40.82H22.44ZM4.79001 89.71C5.77001 84.16 7.30999 75.24 7.79999 71.33C8.38999 66.51 9.31999 56.5 10.02 48.54H23.1C23.35 51.42 23.63 54.58 23.92 57.66H18.82V89.71H4.79001ZM78.87 89.71H22.82V61.66H78.87V89.71Z\" fill=\"black\"><\/path><path d=\"M46.6904 83.47H54.3704C55.4704 83.47 56.3704 82.57 56.3704 81.47C56.3704 80.37 55.4704 79.47 54.3704 79.47H46.6904C45.5904 79.47 44.6904 80.37 44.6904 81.47C44.6904 82.57 45.5904 83.47 46.6904 83.47Z\" fill=\"black\"><\/path><path d=\"M28.2197 83.47H35.8997C36.9997 83.47 37.8997 82.57 37.8997 81.47C37.8997 80.37 36.9997 79.47 35.8997 79.47H28.2197C27.1197 79.47 26.2197 80.37 26.2197 81.47C26.2197 82.57 27.1197 83.47 28.2197 83.47Z\" fill=\"black\"><\/path><path d=\"M65.1504 83.47H72.8304C73.9304 83.47 74.8304 82.57 74.8304 81.47C74.8304 80.37 73.9304 79.47 72.8304 79.47H65.1504C64.0504 79.47 63.1504 80.37 63.1504 81.47C63.1504 82.57 64.0504 83.47 65.1504 83.47Z\" fill=\"black\"><\/path><path d=\"M46.6904 71.95H54.3704C55.4704 71.95 56.3704 71.05 56.3704 69.95C56.3704 68.85 55.4704 67.95 54.3704 67.95H46.6904C45.5904 67.95 44.6904 68.85 44.6904 69.95C44.6904 71.05 45.5904 71.95 46.6904 71.95Z\" fill=\"black\"><\/path><path d=\"M28.2197 71.95H35.8997C36.9997 71.95 37.8997 71.05 37.8997 69.95C37.8997 68.85 36.9997 67.95 35.8997 67.95H28.2197C27.1197 67.95 26.2197 68.85 26.2197 69.95C26.2197 71.05 27.1197 71.95 28.2197 71.95Z\" fill=\"black\"><\/path><path d=\"M65.1504 71.95H72.8304C73.9304 71.95 74.8304 71.05 74.8304 69.95C74.8304 68.85 73.9304 67.95 72.8304 67.95H65.1504C64.0504 67.95 63.1504 68.85 63.1504 69.95C63.1504 71.05 64.0504 71.95 65.1504 71.95Z\" fill=\"black\"><\/path><\/svg>\t\t\t<\/div>\n\t\t<\/div>\n\t\t\t\t\t\t<\/div>\n\t\t\t\t<\/div>\n\t\t\t\t<div class=\"elementor-element elementor-element-6508c36 elementor-widget elementor-widget-heading\" data-id=\"6508c36\" data-element_type=\"widget\" data-e-type=\"widget\" data-widget_type=\"heading.default\">\n\t\t\t\t<div class=\"elementor-widget-container\">\n\t\t\t\t\t<p class=\"elementor-heading-title elementor-size-default\">No hay p\u00e9rdidas por transformaci\u00f3n en otros componentes qu\u00edmicos, ya fueren s\u00f3lidos, l\u00edquidos o gaseosos, ni producci\u00f3n de efluentes o desechos de ning\u00fan tipo, ni es necesaria la incineraci\u00f3n. En todos los casos, la interacci\u00f3n con el medio ambiente no es agresiva, siendo el vidrio parte del mismo.<\/p>\t\t\t\t<\/div>\n\t\t\t\t<\/div>\n\t\t\t\t\t<\/div>\n\t\t\t\t<\/div>\n\t\t<div class=\"elementor-element elementor-element-deb7746 e-flex e-con-boxed e-con e-parent\" data-id=\"deb7746\" data-element_type=\"container\" data-e-type=\"container\" data-settings=\"{&quot;background_background&quot;:&quot;classic&quot;}\">\n\t\t\t\t\t<div class=\"e-con-inner\">\n\t\t\t\t<div class=\"elementor-element elementor-element-025ca8f elementor-view-default elementor-widget elementor-widget-icon\" data-id=\"025ca8f\" data-element_type=\"widget\" data-e-type=\"widget\" data-widget_type=\"icon.default\">\n\t\t\t\t<div class=\"elementor-widget-container\">\n\t\t\t\t\t\t\t<div class=\"elementor-icon-wrapper\">\n\t\t\t<div class=\"elementor-icon\">\n\t\t\t<svg xmlns=\"http:\/\/www.w3.org\/2000\/svg\" width=\"53\" height=\"94\" viewBox=\"0 0 53 94\" fill=\"none\"><path d=\"M52.49 16.05C52.24 9.3 51.57 4.89 51.29 3.31C50.95 1.4 49.29 0 47.35 0H5.32C3.38 0 1.72 1.39 1.38 3.31C1.1 4.89 0.43 9.3 0.18 16.05L0 20.9C0 20.9 0 21 0 21.05C0 31.36 1.13 47.27 6.6 64.47C10.98 78.26 9.76 85.31 8.65 88.28C8.19 89.51 8.35999 90.88 9.10999 91.96C9.85999 93.04 11.09 93.68 12.4 93.68H40.11C41.42 93.68 42.65 93.04 43.4 91.96C44.15 90.88 44.32 89.51 43.86 88.28C42.75 85.31 41.53 78.26 45.91 64.47C51.37 47.26 52.51 31.35 52.5 21.04V16.19C52.5 16.19 52.5 16.09 52.5 16.04L52.49 16.05ZM5.32 4.01H47.35C47.78 6.43 48.29 10.66 48.49 16.2V16.72H4.16L4.18 16.2C4.38 10.67 4.9 6.44 5.32 4.01ZM42.08 63.26C37.6 77.37 38.49 85.39 40.1 89.69H12.39C14 85.39 14.89 77.38 10.41 63.26C5.35 47.33 3.99 32.28 4 21.05V20.72H48.49V21.05C48.49 32.28 47.14 47.33 42.08 63.26Z\" fill=\"black\"><\/path><path d=\"M40.5799 41.85H36.4299C35.8599 33.13 31.5899 26.56 26.2499 26.56C20.9099 26.56 16.6399 33.13 16.0699 41.85H11.9199C10.8199 41.85 9.91992 42.75 9.91992 43.85C9.91992 44.95 10.8199 45.85 11.9199 45.85H16.0699C16.6399 54.57 20.9099 61.14 26.2499 61.14C31.5899 61.14 35.8599 54.57 36.4299 45.85H40.5799C41.6799 45.85 42.5799 44.95 42.5799 43.85C42.5799 42.75 41.6799 41.85 40.5799 41.85ZM26.2499 57.14C23.2899 57.14 19.9999 51.68 19.9999 43.85C19.9999 36.02 23.2999 30.56 26.2499 30.56C29.1999 30.56 32.4999 36.02 32.4999 43.85C32.4999 51.68 29.1999 57.14 26.2499 57.14Z\" fill=\"black\"><\/path><\/svg>\t\t\t<\/div>\n\t\t<\/div>\n\t\t\t\t\t\t<\/div>\n\t\t\t\t<\/div>\n\t\t\t\t<div class=\"elementor-element elementor-element-656b317 elementor-widget elementor-widget-heading\" data-id=\"656b317\" data-element_type=\"widget\" data-e-type=\"widget\" data-widget_type=\"heading.default\">\n\t\t\t\t<div class=\"elementor-widget-container\">\n\t\t\t\t\t<p class=\"elementor-heading-title elementor-size-default\">En lo que concierne a los envases ser\u00e1 necesario subrayar que el vidrio y el aluminio son los \u00fanicos materiales que pueden ser reciclados sin restricciones en la fabricaci\u00f3n de nuevos envases para bebidas y alimentos, de acuerdo con las autoridades de regulaci\u00f3n y los c\u00f3digos alimentarios de todos los pa\u00edses.<\/p>\t\t\t\t<\/div>\n\t\t\t\t<\/div>\n\t\t\t\t\t<\/div>\n\t\t\t\t<\/div>\n\t\t\t\t\t<\/div>\n\t\t\t\t<\/div>\n\t\t\t\t<div class=\"elementor-element elementor-element-837ee70 elementor-widget elementor-widget-text-editor\" data-id=\"837ee70\" data-element_type=\"widget\" data-e-type=\"widget\" data-widget_type=\"text-editor.default\">\n\t\t\t\t<div class=\"elementor-widget-container\">\n\t\t\t\t\t\t\t\t\t<p>Otros materiales (pl\u00e1stico, madera, papel, hojalata, laminados o compuestos) no pueden ser reciclados para nuevos envases u objetos que vayan a estar en contacto con bebidas o comidas, y tienen que ser transformados en otros productos. Sin embargo, es muy importante puntualizar que en el caso del embalaje, el vidrio es el \u00fanico material que da la opci\u00f3n del reuso o el reciclado, sin ninguna restricci\u00f3n y con importantes econom\u00edas en ambos casos.<\/p>\t\t\t\t\t\t\t\t<\/div>\n\t\t\t\t<\/div>\n\t\t\t\t\t<\/div>\n\t\t\t\t<\/div>\n\t\t\t\t\t<\/div>\n\t\t\t\t<\/div>\n\t\t\t\t<\/div>\n\t\t","protected":false},"excerpt":{"rendered":"<p>Todos los elementos, todas las substancias qu\u00edmicas y todos los materiales tienen su propio ciclo natural. El vidrio no es una excepci\u00f3n. Hay dos ciclos principales: el reuso (retorno y envasado, luego de limpieza bajo rigurosas condiciones) y el reciclado (para volver a fundir y fabricar los mismos art\u00edculos u otros). En ambos casos (reuso [&hellip;]<\/p>\n","protected":false},"author":1,"featured_media":1309,"parent":62,"menu_order":2050,"comment_status":"closed","ping_status":"closed","template":"","meta":{"_acf_changed":false,"footnotes":""},"class_list":["post-72","page","type-page","status-publish","has-post-thumbnail","hentry"],"acf":[],"yoast_head":"<!-- This site is optimized with the Yoast SEO plugin v27.4 - https:\/\/yoast.com\/product\/yoast-seo-wordpress\/ -->\n<title>El Ciclo del Vidrio - Rigolleau<\/title>\n<meta name=\"robots\" content=\"index, follow, max-snippet:-1, max-image-preview:large, max-video-preview:-1\" \/>\n<link rel=\"canonical\" href=\"https:\/\/www.rigolleau.com.ar\/index.php\/el-vidrio\/el-ciclo-del-vidrio\/\" \/>\n<meta property=\"og:locale\" content=\"es_ES\" \/>\n<meta property=\"og:type\" content=\"article\" \/>\n<meta property=\"og:title\" content=\"El Ciclo del Vidrio - Rigolleau\" \/>\n<meta property=\"og:description\" content=\"Todos los elementos, todas las substancias qu\u00edmicas y todos los materiales tienen su propio ciclo natural. El vidrio no es una excepci\u00f3n. Hay dos ciclos principales: el reuso (retorno y envasado, luego de limpieza bajo rigurosas condiciones) y el reciclado (para volver a fundir y fabricar los mismos art\u00edculos u otros). En ambos casos (reuso [&hellip;]\" \/>\n<meta property=\"og:url\" content=\"https:\/\/www.rigolleau.com.ar\/index.php\/el-vidrio\/el-ciclo-del-vidrio\/\" \/>\n<meta property=\"og:site_name\" content=\"Rigolleau\" \/>\n<meta property=\"article:publisher\" content=\"https:\/\/www.facebook.com\/people\/Rigolleau\/100070676282400\/\" \/>\n<meta property=\"article:modified_time\" content=\"2023-09-06T05:31:45+00:00\" \/>\n<meta property=\"og:image\" content=\"https:\/\/www.rigolleau.com.ar\/wp-content\/uploads\/2023\/09\/ciclo-del-vidrio.jpg\" \/>\n\t<meta property=\"og:image:width\" content=\"1600\" \/>\n\t<meta property=\"og:image:height\" content=\"900\" \/>\n\t<meta property=\"og:image:type\" content=\"image\/jpeg\" \/>\n<meta name=\"twitter:card\" content=\"summary_large_image\" \/>\n<meta name=\"twitter:label1\" content=\"Tiempo de lectura\" \/>\n\t<meta name=\"twitter:data1\" content=\"2 minutos\" \/>\n<script type=\"application\/ld+json\" class=\"yoast-schema-graph\">{\"@context\":\"https:\\\/\\\/schema.org\",\"@graph\":[{\"@type\":\"WebPage\",\"@id\":\"https:\\\/\\\/www.rigolleau.com.ar\\\/index.php\\\/el-vidrio\\\/el-ciclo-del-vidrio\\\/\",\"url\":\"https:\\\/\\\/www.rigolleau.com.ar\\\/index.php\\\/el-vidrio\\\/el-ciclo-del-vidrio\\\/\",\"name\":\"El Ciclo del Vidrio - Rigolleau\",\"isPartOf\":{\"@id\":\"https:\\\/\\\/www.rigolleau.com.ar\\\/#website\"},\"primaryImageOfPage\":{\"@id\":\"https:\\\/\\\/www.rigolleau.com.ar\\\/index.php\\\/el-vidrio\\\/el-ciclo-del-vidrio\\\/#primaryimage\"},\"image\":{\"@id\":\"https:\\\/\\\/www.rigolleau.com.ar\\\/index.php\\\/el-vidrio\\\/el-ciclo-del-vidrio\\\/#primaryimage\"},\"thumbnailUrl\":\"https:\\\/\\\/www.rigolleau.com.ar\\\/wp-content\\\/uploads\\\/2023\\\/09\\\/ciclo-del-vidrio.jpg\",\"datePublished\":\"2023-08-21T01:12:47+00:00\",\"dateModified\":\"2023-09-06T05:31:45+00:00\",\"breadcrumb\":{\"@id\":\"https:\\\/\\\/www.rigolleau.com.ar\\\/index.php\\\/el-vidrio\\\/el-ciclo-del-vidrio\\\/#breadcrumb\"},\"inLanguage\":\"es-AR\",\"potentialAction\":[{\"@type\":\"ReadAction\",\"target\":[\"https:\\\/\\\/www.rigolleau.com.ar\\\/index.php\\\/el-vidrio\\\/el-ciclo-del-vidrio\\\/\"]}]},{\"@type\":\"ImageObject\",\"inLanguage\":\"es-AR\",\"@id\":\"https:\\\/\\\/www.rigolleau.com.ar\\\/index.php\\\/el-vidrio\\\/el-ciclo-del-vidrio\\\/#primaryimage\",\"url\":\"https:\\\/\\\/www.rigolleau.com.ar\\\/wp-content\\\/uploads\\\/2023\\\/09\\\/ciclo-del-vidrio.jpg\",\"contentUrl\":\"https:\\\/\\\/www.rigolleau.com.ar\\\/wp-content\\\/uploads\\\/2023\\\/09\\\/ciclo-del-vidrio.jpg\",\"width\":1600,\"height\":900},{\"@type\":\"BreadcrumbList\",\"@id\":\"https:\\\/\\\/www.rigolleau.com.ar\\\/index.php\\\/el-vidrio\\\/el-ciclo-del-vidrio\\\/#breadcrumb\",\"itemListElement\":[{\"@type\":\"ListItem\",\"position\":1,\"name\":\"Portada\",\"item\":\"https:\\\/\\\/www.rigolleau.com.ar\\\/\"},{\"@type\":\"ListItem\",\"position\":2,\"name\":\"El vidrio\",\"item\":\"https:\\\/\\\/www.rigolleau.com.ar\\\/index.php\\\/el-vidrio\\\/\"},{\"@type\":\"ListItem\",\"position\":3,\"name\":\"El Ciclo del Vidrio\"}]},{\"@type\":\"WebSite\",\"@id\":\"https:\\\/\\\/www.rigolleau.com.ar\\\/#website\",\"url\":\"https:\\\/\\\/www.rigolleau.com.ar\\\/\",\"name\":\"Rigolleau\",\"description\":\"S\u00edmbolo del Vidrio\",\"publisher\":{\"@id\":\"https:\\\/\\\/www.rigolleau.com.ar\\\/#organization\"},\"potentialAction\":[{\"@type\":\"SearchAction\",\"target\":{\"@type\":\"EntryPoint\",\"urlTemplate\":\"https:\\\/\\\/www.rigolleau.com.ar\\\/?s={search_term_string}\"},\"query-input\":{\"@type\":\"PropertyValueSpecification\",\"valueRequired\":true,\"valueName\":\"search_term_string\"}}],\"inLanguage\":\"es-AR\"},{\"@type\":\"Organization\",\"@id\":\"https:\\\/\\\/www.rigolleau.com.ar\\\/#organization\",\"name\":\"Rigolleau S.A.\",\"url\":\"https:\\\/\\\/www.rigolleau.com.ar\\\/\",\"logo\":{\"@type\":\"ImageObject\",\"inLanguage\":\"es-AR\",\"@id\":\"https:\\\/\\\/www.rigolleau.com.ar\\\/#\\\/schema\\\/logo\\\/image\\\/\",\"url\":\"https:\\\/\\\/www.rigolleau.com.ar\\\/wp-content\\\/uploads\\\/2023\\\/07\\\/rigolleau-logo.png\",\"contentUrl\":\"https:\\\/\\\/www.rigolleau.com.ar\\\/wp-content\\\/uploads\\\/2023\\\/07\\\/rigolleau-logo.png\",\"width\":730,\"height\":386,\"caption\":\"Rigolleau S.A.\"},\"image\":{\"@id\":\"https:\\\/\\\/www.rigolleau.com.ar\\\/#\\\/schema\\\/logo\\\/image\\\/\"},\"sameAs\":[\"https:\\\/\\\/www.facebook.com\\\/people\\\/Rigolleau\\\/100070676282400\\\/\",\"https:\\\/\\\/www.instagram.com\\\/rigolleau.s.a\\\/?hl=es\",\"https:\\\/\\\/ar.linkedin.com\\\/company\\\/rigolleau-s.a.\"]}]}<\/script>\n<!-- \/ Yoast SEO plugin. -->","yoast_head_json":{"title":"El Ciclo del Vidrio - Rigolleau","robots":{"index":"index","follow":"follow","max-snippet":"max-snippet:-1","max-image-preview":"max-image-preview:large","max-video-preview":"max-video-preview:-1"},"canonical":"https:\/\/www.rigolleau.com.ar\/index.php\/el-vidrio\/el-ciclo-del-vidrio\/","og_locale":"es_ES","og_type":"article","og_title":"El Ciclo del Vidrio - Rigolleau","og_description":"Todos los elementos, todas las substancias qu\u00edmicas y todos los materiales tienen su propio ciclo natural. El vidrio no es una excepci\u00f3n. Hay dos ciclos principales: el reuso (retorno y envasado, luego de limpieza bajo rigurosas condiciones) y el reciclado (para volver a fundir y fabricar los mismos art\u00edculos u otros). En ambos casos (reuso [&hellip;]","og_url":"https:\/\/www.rigolleau.com.ar\/index.php\/el-vidrio\/el-ciclo-del-vidrio\/","og_site_name":"Rigolleau","article_publisher":"https:\/\/www.facebook.com\/people\/Rigolleau\/100070676282400\/","article_modified_time":"2023-09-06T05:31:45+00:00","og_image":[{"width":1600,"height":900,"url":"https:\/\/www.rigolleau.com.ar\/wp-content\/uploads\/2023\/09\/ciclo-del-vidrio.jpg","type":"image\/jpeg"}],"twitter_card":"summary_large_image","twitter_misc":{"Tiempo de lectura":"2 minutos"},"schema":{"@context":"https:\/\/schema.org","@graph":[{"@type":"WebPage","@id":"https:\/\/www.rigolleau.com.ar\/index.php\/el-vidrio\/el-ciclo-del-vidrio\/","url":"https:\/\/www.rigolleau.com.ar\/index.php\/el-vidrio\/el-ciclo-del-vidrio\/","name":"El Ciclo del Vidrio - Rigolleau","isPartOf":{"@id":"https:\/\/www.rigolleau.com.ar\/#website"},"primaryImageOfPage":{"@id":"https:\/\/www.rigolleau.com.ar\/index.php\/el-vidrio\/el-ciclo-del-vidrio\/#primaryimage"},"image":{"@id":"https:\/\/www.rigolleau.com.ar\/index.php\/el-vidrio\/el-ciclo-del-vidrio\/#primaryimage"},"thumbnailUrl":"https:\/\/www.rigolleau.com.ar\/wp-content\/uploads\/2023\/09\/ciclo-del-vidrio.jpg","datePublished":"2023-08-21T01:12:47+00:00","dateModified":"2023-09-06T05:31:45+00:00","breadcrumb":{"@id":"https:\/\/www.rigolleau.com.ar\/index.php\/el-vidrio\/el-ciclo-del-vidrio\/#breadcrumb"},"inLanguage":"es-AR","potentialAction":[{"@type":"ReadAction","target":["https:\/\/www.rigolleau.com.ar\/index.php\/el-vidrio\/el-ciclo-del-vidrio\/"]}]},{"@type":"ImageObject","inLanguage":"es-AR","@id":"https:\/\/www.rigolleau.com.ar\/index.php\/el-vidrio\/el-ciclo-del-vidrio\/#primaryimage","url":"https:\/\/www.rigolleau.com.ar\/wp-content\/uploads\/2023\/09\/ciclo-del-vidrio.jpg","contentUrl":"https:\/\/www.rigolleau.com.ar\/wp-content\/uploads\/2023\/09\/ciclo-del-vidrio.jpg","width":1600,"height":900},{"@type":"BreadcrumbList","@id":"https:\/\/www.rigolleau.com.ar\/index.php\/el-vidrio\/el-ciclo-del-vidrio\/#breadcrumb","itemListElement":[{"@type":"ListItem","position":1,"name":"Portada","item":"https:\/\/www.rigolleau.com.ar\/"},{"@type":"ListItem","position":2,"name":"El vidrio","item":"https:\/\/www.rigolleau.com.ar\/index.php\/el-vidrio\/"},{"@type":"ListItem","position":3,"name":"El Ciclo del Vidrio"}]},{"@type":"WebSite","@id":"https:\/\/www.rigolleau.com.ar\/#website","url":"https:\/\/www.rigolleau.com.ar\/","name":"Rigolleau","description":"S\u00edmbolo del Vidrio","publisher":{"@id":"https:\/\/www.rigolleau.com.ar\/#organization"},"potentialAction":[{"@type":"SearchAction","target":{"@type":"EntryPoint","urlTemplate":"https:\/\/www.rigolleau.com.ar\/?s={search_term_string}"},"query-input":{"@type":"PropertyValueSpecification","valueRequired":true,"valueName":"search_term_string"}}],"inLanguage":"es-AR"},{"@type":"Organization","@id":"https:\/\/www.rigolleau.com.ar\/#organization","name":"Rigolleau S.A.","url":"https:\/\/www.rigolleau.com.ar\/","logo":{"@type":"ImageObject","inLanguage":"es-AR","@id":"https:\/\/www.rigolleau.com.ar\/#\/schema\/logo\/image\/","url":"https:\/\/www.rigolleau.com.ar\/wp-content\/uploads\/2023\/07\/rigolleau-logo.png","contentUrl":"https:\/\/www.rigolleau.com.ar\/wp-content\/uploads\/2023\/07\/rigolleau-logo.png","width":730,"height":386,"caption":"Rigolleau S.A."},"image":{"@id":"https:\/\/www.rigolleau.com.ar\/#\/schema\/logo\/image\/"},"sameAs":["https:\/\/www.facebook.com\/people\/Rigolleau\/100070676282400\/","https:\/\/www.instagram.com\/rigolleau.s.a\/?hl=es","https:\/\/ar.linkedin.com\/company\/rigolleau-s.a."]}]}},"_links":{"self":[{"href":"https:\/\/www.rigolleau.com.ar\/index.php\/wp-json\/wp\/v2\/pages\/72","targetHints":{"allow":["GET"]}}],"collection":[{"href":"https:\/\/www.rigolleau.com.ar\/index.php\/wp-json\/wp\/v2\/pages"}],"about":[{"href":"https:\/\/www.rigolleau.com.ar\/index.php\/wp-json\/wp\/v2\/types\/page"}],"author":[{"embeddable":true,"href":"https:\/\/www.rigolleau.com.ar\/index.php\/wp-json\/wp\/v2\/users\/1"}],"replies":[{"embeddable":true,"href":"https:\/\/www.rigolleau.com.ar\/index.php\/wp-json\/wp\/v2\/comments?post=72"}],"version-history":[{"count":25,"href":"https:\/\/www.rigolleau.com.ar\/index.php\/wp-json\/wp\/v2\/pages\/72\/revisions"}],"predecessor-version":[{"id":2080,"href":"https:\/\/www.rigolleau.com.ar\/index.php\/wp-json\/wp\/v2\/pages\/72\/revisions\/2080"}],"up":[{"embeddable":true,"href":"https:\/\/www.rigolleau.com.ar\/index.php\/wp-json\/wp\/v2\/pages\/62"}],"wp:featuredmedia":[{"embeddable":true,"href":"https:\/\/www.rigolleau.com.ar\/index.php\/wp-json\/wp\/v2\/media\/1309"}],"wp:attachment":[{"href":"https:\/\/www.rigolleau.com.ar\/index.php\/wp-json\/wp\/v2\/media?parent=72"}],"curies":[{"name":"wp","href":"https:\/\/api.w.org\/{rel}","templated":true}]}}